{"id":511,"date":"2025-11-28T15:25:59","date_gmt":"2025-11-28T14:25:59","guid":{"rendered":"https:\/\/www.scrapnco.fr\/fr\/?post_type=product&#038;p=511"},"modified":"2025-11-28T15:36:56","modified_gmt":"2025-11-28T14:36:56","slug":"flocage-tshirt","status":"publish","type":"product","link":"https:\/\/www.scrapnco.fr\/fr\/produit\/flocage-tshirt\/","title":{"rendered":"Flocage Tshirt"},"content":{"rendered":"<p data-start=\"201\" data-end=\"361\"><strong data-start=\"203\" data-end=\"250\">Cr\u00e9ez un t-shirt unique qui vous ressemble.<\/strong><br data-start=\"250\" data-end=\"253\" \/>Nous personnalisons votre v\u00eatement avec le visuel de votre choix : pr\u00e9nom, logo, motif ou design sur mesure.<\/p>\n<p data-start=\"363\" data-end=\"472\">Le <strong data-start=\"366\" data-end=\"392\">flocage est vendu seul<\/strong> : vous pouvez fournir votre t-shirt, ou on peut le fournir si besoin (nous contacter)<\/p>\n<p data-start=\"474\" data-end=\"539\">Selon la mati\u00e8re, nous utilisons la technique la plus adapt\u00e9e :<\/p>\n<ul data-start=\"540\" data-end=\"714\">\n<li data-start=\"540\" data-end=\"620\">\n<p data-start=\"542\" data-end=\"620\"><strong data-start=\"542\" data-end=\"550\">Flex<\/strong> pour les t-shirts en <strong data-start=\"572\" data-end=\"581\">coton<\/strong> \u2192 rendu propre, durable et r\u00e9sistant<\/p>\n<\/li>\n<li data-start=\"621\" data-end=\"714\">\n<p data-start=\"623\" data-end=\"714\"><strong data-start=\"623\" data-end=\"638\">Sublimation<\/strong> pour les <strong data-start=\"648\" data-end=\"669\">polyesters blancs<\/strong> \u2192 visuel int\u00e9gr\u00e9 directement dans la fibre<\/p>\n<\/li>\n<\/ul>\n<p data-start=\"716\" data-end=\"809\">Personnalisation r\u00e9alis\u00e9e dans notre atelier Scrapnco, avec un r\u00e9sultat net et professionnel.<\/p>\n","protected":false},"excerpt":{"rendered":"<p>Cr\u00e9ez un t-shirt unique qui vous ressemble.Nous personnalisons votre v\u00eatement avec le visuel de votre choix : pr\u00e9nom, logo, motif ou design sur mesure. Le flocage est vendu seul : vous pouvez fournir votre t-shirt, ou on peut le fournir si besoin (nous contacter) Selon la mati\u00e8re, nous utilisons la technique la plus adapt\u00e9e : [&hellip;]<\/p>\n","protected":false},"featured_media":512,"template":"","meta":{"_uag_custom_page_level_css":""},"product_brand":[],"product_cat":[36],"product_tag":[],"class_list":{"0":"post-511","1":"product","2":"type-product","3":"status-publish","4":"has-post-thumbnail","6":"product_cat-textiles","8":"first","9":"instock","10":"shipping-taxable","11":"purchasable","12":"product-type-simple"},"uagb_featured_image_src":{"full":["https:\/\/www.scrapnco.fr\/fr\/wp-content\/uploads\/2025\/11\/tshirt_trame.jpg",985,1201,false],"thumbnail":["https:\/\/www.scrapnco.fr\/fr\/wp-content\/uploads\/2025\/11\/tshirt_trame-150x150.jpg",150,150,true],"medium":["https:\/\/www.scrapnco.fr\/fr\/wp-content\/uploads\/2025\/11\/tshirt_trame-246x300.jpg",246,300,true],"medium_large":["https:\/\/www.scrapnco.fr\/fr\/wp-content\/uploads\/2025\/11\/tshirt_trame-768x936.jpg",768,936,true],"large":["https:\/\/www.scrapnco.fr\/fr\/wp-content\/uploads\/2025\/11\/tshirt_trame-840x1024.jpg",840,1024,true],"1536x1536":["https:\/\/www.scrapnco.fr\/fr\/wp-content\/uploads\/2025\/11\/tshirt_trame.jpg",985,1201,false],"2048x2048":["https:\/\/www.scrapnco.fr\/fr\/wp-content\/uploads\/2025\/11\/tshirt_trame.jpg",985,1201,false],"woocommerce_thumbnail":["https:\/\/www.scrapnco.fr\/fr\/wp-content\/uploads\/2025\/11\/tshirt_trame-540x540.jpg",540,540,true],"woocommerce_single":["https:\/\/www.scrapnco.fr\/fr\/wp-content\/uploads\/2025\/11\/tshirt_trame-600x732.jpg",600,732,true],"woocommerce_gallery_thumbnail":["https:\/\/www.scrapnco.fr\/fr\/wp-content\/uploads\/2025\/11\/tshirt_trame-150x150.jpg",150,150,true]},"uagb_author_info":{"display_name":"Admin","author_link":"https:\/\/www.scrapnco.fr\/fr\/author\/"},"uagb_comment_info":0,"uagb_excerpt":"Cr\u00e9ez un t-shirt unique qui vous ressemble.Nous personnalisons votre v\u00eatement avec le visuel de votre choix : pr\u00e9nom, logo, motif ou design sur mesure. Le flocage est vendu seul : vous pouvez fournir votre t-shirt, ou on peut le fournir si besoin (nous contacter) Selon la mati\u00e8re, nous utilisons la technique la plus adapt\u00e9e :\u2026","jetpack_sharing_enabled":true,"_links":{"self":[{"href":"https:\/\/www.scrapnco.fr\/fr\/wp-json\/wp\/v2\/product\/511","targetHints":{"allow":["GET"]}}],"collection":[{"href":"https:\/\/www.scrapnco.fr\/fr\/wp-json\/wp\/v2\/product"}],"about":[{"href":"https:\/\/www.scrapnco.fr\/fr\/wp-json\/wp\/v2\/types\/product"}],"wp:featuredmedia":[{"embeddable":true,"href":"https:\/\/www.scrapnco.fr\/fr\/wp-json\/wp\/v2\/media\/512"}],"wp:attachment":[{"href":"https:\/\/www.scrapnco.fr\/fr\/wp-json\/wp\/v2\/media?parent=511"}],"wp:term":[{"taxonomy":"product_brand","embeddable":true,"href":"https:\/\/www.scrapnco.fr\/fr\/wp-json\/wp\/v2\/product_brand?post=511"},{"taxonomy":"product_cat","embeddable":true,"href":"https:\/\/www.scrapnco.fr\/fr\/wp-json\/wp\/v2\/product_cat?post=511"},{"taxonomy":"product_tag","embeddable":true,"href":"https:\/\/www.scrapnco.fr\/fr\/wp-json\/wp\/v2\/product_tag?post=511"}],"curies":[{"name":"wp","href":"https:\/\/api.w.org\/{rel}","templated":true}]}}