{"id":481,"date":"2025-11-19T20:08:54","date_gmt":"2025-11-19T19:08:54","guid":{"rendered":"https:\/\/www.scrapnco.fr\/fr\/?post_type=product&#038;p=481"},"modified":"2025-12-10T09:50:14","modified_gmt":"2025-12-10T08:50:14","slug":"mug-gnome","status":"publish","type":"product","link":"https:\/\/www.scrapnco.fr\/fr\/produit\/mug-gnome\/","title":{"rendered":"Mug Gnome (\u00e0 personnaliser)"},"content":{"rendered":"<p data-start=\"221\" data-end=\"540\">Commencez vos matins ou vos pauses gourmandes avec nos <strong data-start=\"276\" data-end=\"298\">mugs personnalis\u00e9s<\/strong>, parfaits pour cr\u00e9er un <strong data-start=\"323\" data-end=\"352\">moment cosy et chaleureux<\/strong> pendant les f\u00eates de No\u00ebl. Offrez-vous ou offrez \u00e0 vos proches un mug unique, <strong data-start=\"431\" data-end=\"495\">personnalis\u00e9 avec un pr\u00e9nom, un message ou un motif au choix<\/strong>, pour un cadeau original et plein de sens.<\/p>\n<p data-start=\"542\" data-end=\"599\">Ces <strong data-start=\"546\" data-end=\"578\">mugs d\u00e9coratifs et pratiques<\/strong> sont id\u00e9aux pour :<\/p>\n<ul data-start=\"600\" data-end=\"827\">\n<li data-start=\"600\" data-end=\"659\">\n<p data-start=\"602\" data-end=\"659\">Boire votre chocolat chaud, caf\u00e9 ou cappuccino en hiver<\/p>\n<\/li>\n<li data-start=\"660\" data-end=\"725\">\n<p data-start=\"662\" data-end=\"725\">Cr\u00e9er une <strong data-start=\"672\" data-end=\"707\">ambiance chaleureuse et festive<\/strong> autour du sapin<\/p>\n<\/li>\n<li data-start=\"726\" data-end=\"827\">\n<p data-start=\"728\" data-end=\"827\">Offrir un <strong data-start=\"738\" data-end=\"774\">cadeau personnalis\u00e9 et artisanal<\/strong> pour No\u00ebl, anniversaire ou toute occasion sp\u00e9ciale<\/p>\n<\/li>\n<\/ul>\n<p data-start=\"829\" data-end=\"1071\"><strong data-start=\"829\" data-end=\"847\">Points forts :<\/strong><br data-start=\"847\" data-end=\"850\" \/>\u2705 Mug personnalis\u00e9 unique et original<br data-start=\"887\" data-end=\"890\" \/>\u2705 Id\u00e9al pour No\u00ebl, f\u00eates de fin d\u2019ann\u00e9e et moments cocooning<br data-start=\"950\" data-end=\"953\" \/>\u2705 Cadeau pratique et d\u00e9coratif pour toute la famille<br data-start=\"1005\" data-end=\"1008\" \/>\u2705 Personnalisable selon vos envies : pr\u00e9nom, message ou motif<\/p>\n","protected":false},"excerpt":{"rendered":"<p>Commencez vos matins ou vos pauses gourmandes avec nos mugs personnalis\u00e9s, parfaits pour cr\u00e9er un moment cosy et chaleureux pendant les f\u00eates de No\u00ebl. Offrez-vous ou offrez \u00e0 vos proches un mug unique, personnalis\u00e9 avec un pr\u00e9nom, un message ou un motif au choix, pour un cadeau original et plein de sens. Ces mugs d\u00e9coratifs [&hellip;]<\/p>\n","protected":false},"featured_media":482,"template":"","meta":{"_uag_custom_page_level_css":""},"product_brand":[],"product_cat":[35,29],"product_tag":[],"class_list":{"0":"post-481","1":"product","2":"type-product","3":"status-publish","4":"has-post-thumbnail","6":"product_cat-mugs-gourdes","7":"product_cat-scrapbox","9":"first","10":"instock","11":"shipping-taxable","12":"purchasable","13":"product-type-simple"},"uagb_featured_image_src":{"full":["https:\/\/www.scrapnco.fr\/fr\/wp-content\/uploads\/2025\/11\/noel1-scaled.jpg",2560,1780,false],"thumbnail":["https:\/\/www.scrapnco.fr\/fr\/wp-content\/uploads\/2025\/11\/noel1-150x150.jpg",150,150,true],"medium":["https:\/\/www.scrapnco.fr\/fr\/wp-content\/uploads\/2025\/11\/noel1-300x209.jpg",300,209,true],"medium_large":["https:\/\/www.scrapnco.fr\/fr\/wp-content\/uploads\/2025\/11\/noel1-768x534.jpg",768,534,true],"large":["https:\/\/www.scrapnco.fr\/fr\/wp-content\/uploads\/2025\/11\/noel1-1024x712.jpg",1024,712,true],"1536x1536":["https:\/\/www.scrapnco.fr\/fr\/wp-content\/uploads\/2025\/11\/noel1-1536x1068.jpg",1536,1068,true],"2048x2048":["https:\/\/www.scrapnco.fr\/fr\/wp-content\/uploads\/2025\/11\/noel1-2048x1424.jpg",2048,1424,true],"woocommerce_thumbnail":["https:\/\/www.scrapnco.fr\/fr\/wp-content\/uploads\/2025\/11\/noel1-540x540.jpg",540,540,true],"woocommerce_single":["https:\/\/www.scrapnco.fr\/fr\/wp-content\/uploads\/2025\/11\/noel1-600x417.jpg",600,417,true],"woocommerce_gallery_thumbnail":["https:\/\/www.scrapnco.fr\/fr\/wp-content\/uploads\/2025\/11\/noel1-150x150.jpg",150,150,true]},"uagb_author_info":{"display_name":"Admin","author_link":"https:\/\/www.scrapnco.fr\/fr\/author\/"},"uagb_comment_info":0,"uagb_excerpt":"Commencez vos matins ou vos pauses gourmandes avec nos mugs personnalis\u00e9s, parfaits pour cr\u00e9er un moment cosy et chaleureux pendant les f\u00eates de No\u00ebl. Offrez-vous ou offrez \u00e0 vos proches un mug unique, personnalis\u00e9 avec un pr\u00e9nom, un message ou un motif au choix, pour un cadeau original et plein de sens. Ces mugs d\u00e9coratifs\u2026","jetpack_sharing_enabled":true,"_links":{"self":[{"href":"https:\/\/www.scrapnco.fr\/fr\/wp-json\/wp\/v2\/product\/481","targetHints":{"allow":["GET"]}}],"collection":[{"href":"https:\/\/www.scrapnco.fr\/fr\/wp-json\/wp\/v2\/product"}],"about":[{"href":"https:\/\/www.scrapnco.fr\/fr\/wp-json\/wp\/v2\/types\/product"}],"wp:featuredmedia":[{"embeddable":true,"href":"https:\/\/www.scrapnco.fr\/fr\/wp-json\/wp\/v2\/media\/482"}],"wp:attachment":[{"href":"https:\/\/www.scrapnco.fr\/fr\/wp-json\/wp\/v2\/media?parent=481"}],"wp:term":[{"taxonomy":"product_brand","embeddable":true,"href":"https:\/\/www.scrapnco.fr\/fr\/wp-json\/wp\/v2\/product_brand?post=481"},{"taxonomy":"product_cat","embeddable":true,"href":"https:\/\/www.scrapnco.fr\/fr\/wp-json\/wp\/v2\/product_cat?post=481"},{"taxonomy":"product_tag","embeddable":true,"href":"https:\/\/www.scrapnco.fr\/fr\/wp-json\/wp\/v2\/product_tag?post=481"}],"curies":[{"name":"wp","href":"https:\/\/api.w.org\/{rel}","templated":true}]}}