{"id":474,"date":"2025-11-19T19:53:10","date_gmt":"2025-11-19T18:53:10","guid":{"rendered":"https:\/\/www.scrapnco.fr\/fr\/?post_type=product&#038;p=474"},"modified":"2025-11-19T19:59:13","modified_gmt":"2025-11-19T18:59:13","slug":"baby-hoop-de-noel","status":"publish","type":"product","link":"https:\/\/www.scrapnco.fr\/fr\/produit\/baby-hoop-de-noel\/","title":{"rendered":"Baby Hoop de No\u00ebl"},"content":{"rendered":"<p data-start=\"281\" data-end=\"609\">Ajoutez une touche <strong data-start=\"300\" data-end=\"318\">fun et festive<\/strong> \u00e0 vos looks d\u2019hiver avec nos <strong data-start=\"348\" data-end=\"385\">mini boucles d\u2019oreilles Baby Hoop<\/strong>. Disponibles avec des <strong data-start=\"408\" data-end=\"463\">motifs gnomes, pingouins ou bonhommes petit biscuit<\/strong>, elles apportent imm\u00e9diatement une <strong data-start=\"499\" data-end=\"527\">ambiance joyeuse et cosy<\/strong>, parfaite pour les <strong data-start=\"547\" data-end=\"564\">f\u00eates de No\u00ebl<\/strong> ou pour illuminer vos tenues quotidiennes.<\/p>\n<p data-start=\"611\" data-end=\"668\">Ces <strong data-start=\"615\" data-end=\"647\">bijoux originaux et ludiques<\/strong> sont id\u00e9aux pour :<\/p>\n<ul data-start=\"669\" data-end=\"856\">\n<li data-start=\"669\" data-end=\"716\">\n<p data-start=\"671\" data-end=\"716\">Accessoiriser vos tenues de No\u00ebl et d\u2019hiver<\/p>\n<\/li>\n<li data-start=\"717\" data-end=\"786\">\n<p data-start=\"719\" data-end=\"786\">Cr\u00e9er un style mignon et tendance, facile \u00e0 porter tous les jours<\/p>\n<\/li>\n<li data-start=\"787\" data-end=\"856\">\n<p data-start=\"789\" data-end=\"856\">Offrir un <strong data-start=\"799\" data-end=\"839\">cadeau artisanal, unique et gourmand<\/strong> pour les f\u00eates<\/p>\n<\/li>\n<\/ul>\n<p data-start=\"858\" data-end=\"1117\"><strong data-start=\"858\" data-end=\"876\">Points forts :<\/strong><br data-start=\"876\" data-end=\"879\" \/>\u2705 Mini boucles d\u2019oreilles Baby Hoop, l\u00e9g\u00e8res et confortables<br data-start=\"939\" data-end=\"942\" \/>\u2705 Motifs festifs : gnomes, pingouins, bonhommes petit biscuit<br data-start=\"1003\" data-end=\"1006\" \/>\u2705 Parfait pour No\u00ebl, hiver et esprit cocooning<br data-start=\"1052\" data-end=\"1055\" \/>\u2705 Cadeau de No\u00ebl artisanal et original pour petits et grands<\/p>\n","protected":false},"excerpt":{"rendered":"<p>Ajoutez une touche fun et festive \u00e0 vos looks d\u2019hiver avec nos mini boucles d\u2019oreilles Baby Hoop. Disponibles avec des motifs gnomes, pingouins ou bonhommes petit biscuit, elles apportent imm\u00e9diatement une ambiance joyeuse et cosy, parfaite pour les f\u00eates de No\u00ebl ou pour illuminer vos tenues quotidiennes. Ces bijoux originaux et ludiques sont id\u00e9aux pour [&hellip;]<\/p>\n","protected":false},"featured_media":477,"template":"","meta":{"_uag_custom_page_level_css":""},"product_brand":[],"product_cat":[29],"product_tag":[],"class_list":{"0":"post-474","1":"product","2":"type-product","3":"status-publish","4":"has-post-thumbnail","6":"product_cat-scrapbox","8":"first","9":"instock","10":"shipping-taxable","11":"purchasable","12":"product-type-simple"},"uagb_featured_image_src":{"full":["https:\/\/www.scrapnco.fr\/fr\/wp-content\/uploads\/2025\/11\/babyHoop_noel-scaled.jpg",1920,2560,false],"thumbnail":["https:\/\/www.scrapnco.fr\/fr\/wp-content\/uploads\/2025\/11\/babyHoop_noel-150x150.jpg",150,150,true],"medium":["https:\/\/www.scrapnco.fr\/fr\/wp-content\/uploads\/2025\/11\/babyHoop_noel-225x300.jpg",225,300,true],"medium_large":["https:\/\/www.scrapnco.fr\/fr\/wp-content\/uploads\/2025\/11\/babyHoop_noel-768x1024.jpg",768,1024,true],"large":["https:\/\/www.scrapnco.fr\/fr\/wp-content\/uploads\/2025\/11\/babyHoop_noel-768x1024.jpg",768,1024,true],"1536x1536":["https:\/\/www.scrapnco.fr\/fr\/wp-content\/uploads\/2025\/11\/babyHoop_noel-1152x1536.jpg",1152,1536,true],"2048x2048":["https:\/\/www.scrapnco.fr\/fr\/wp-content\/uploads\/2025\/11\/babyHoop_noel-1536x2048.jpg",1536,2048,true],"woocommerce_thumbnail":["https:\/\/www.scrapnco.fr\/fr\/wp-content\/uploads\/2025\/11\/babyHoop_noel-540x540.jpg",540,540,true],"woocommerce_single":["https:\/\/www.scrapnco.fr\/fr\/wp-content\/uploads\/2025\/11\/babyHoop_noel-600x800.jpg",600,800,true],"woocommerce_gallery_thumbnail":["https:\/\/www.scrapnco.fr\/fr\/wp-content\/uploads\/2025\/11\/babyHoop_noel-150x150.jpg",150,150,true]},"uagb_author_info":{"display_name":"Admin","author_link":"https:\/\/www.scrapnco.fr\/fr\/author\/"},"uagb_comment_info":0,"uagb_excerpt":"Ajoutez une touche fun et festive \u00e0 vos looks d\u2019hiver avec nos mini boucles d\u2019oreilles Baby Hoop. Disponibles avec des motifs gnomes, pingouins ou bonhommes petit biscuit, elles apportent imm\u00e9diatement une ambiance joyeuse et cosy, parfaite pour les f\u00eates de No\u00ebl ou pour illuminer vos tenues quotidiennes. Ces bijoux originaux et ludiques sont id\u00e9aux pour\u2026","jetpack_sharing_enabled":true,"_links":{"self":[{"href":"https:\/\/www.scrapnco.fr\/fr\/wp-json\/wp\/v2\/product\/474","targetHints":{"allow":["GET"]}}],"collection":[{"href":"https:\/\/www.scrapnco.fr\/fr\/wp-json\/wp\/v2\/product"}],"about":[{"href":"https:\/\/www.scrapnco.fr\/fr\/wp-json\/wp\/v2\/types\/product"}],"wp:featuredmedia":[{"embeddable":true,"href":"https:\/\/www.scrapnco.fr\/fr\/wp-json\/wp\/v2\/media\/477"}],"wp:attachment":[{"href":"https:\/\/www.scrapnco.fr\/fr\/wp-json\/wp\/v2\/media?parent=474"}],"wp:term":[{"taxonomy":"product_brand","embeddable":true,"href":"https:\/\/www.scrapnco.fr\/fr\/wp-json\/wp\/v2\/product_brand?post=474"},{"taxonomy":"product_cat","embeddable":true,"href":"https:\/\/www.scrapnco.fr\/fr\/wp-json\/wp\/v2\/product_cat?post=474"},{"taxonomy":"product_tag","embeddable":true,"href":"https:\/\/www.scrapnco.fr\/fr\/wp-json\/wp\/v2\/product_tag?post=474"}],"curies":[{"name":"wp","href":"https:\/\/api.w.org\/{rel}","templated":true}]}}