{"id":469,"date":"2025-11-19T19:50:22","date_gmt":"2025-11-19T18:50:22","guid":{"rendered":"https:\/\/www.scrapnco.fr\/fr\/?post_type=product&#038;p=469"},"modified":"2025-11-19T19:52:58","modified_gmt":"2025-11-19T18:52:58","slug":"creoles-claudine-vertes-translucides","status":"publish","type":"product","link":"https:\/\/www.scrapnco.fr\/fr\/produit\/creoles-claudine-vertes-translucides\/","title":{"rendered":"Cr\u00e9oles \u00ab\u00a0Claudine\u00a0\u00bb vertes translucides"},"content":{"rendered":"<p data-start=\"207\" data-end=\"495\">Ajoutez une touche <strong data-start=\"226\" data-end=\"250\">fra\u00eeche et lumineuse<\/strong> \u00e0 vos tenues hivernales avec nos <strong data-start=\"284\" data-end=\"332\">cr\u00e9oles interchangeables vertes translucides<\/strong>. Leur couleur subtile et lumineuse apporte une <strong data-start=\"380\" data-end=\"408\">note festive et \u00e9l\u00e9gante<\/strong>, id\u00e9ale pour les <strong data-start=\"426\" data-end=\"443\">f\u00eates de No\u00ebl<\/strong>, ou pour un look unique et tendance au quotidien.<\/p>\n<p data-start=\"497\" data-end=\"558\">Ces <strong data-start=\"501\" data-end=\"535\">bijoux modulables et originaux<\/strong> sont parfaits pour :<\/p>\n<ul data-start=\"559\" data-end=\"737\">\n<li data-start=\"559\" data-end=\"616\">\n<p data-start=\"561\" data-end=\"616\">Accessoiriser vos tenues de No\u00ebl ou vos looks d\u2019hiver<\/p>\n<\/li>\n<li data-start=\"617\" data-end=\"676\">\n<p data-start=\"619\" data-end=\"676\">Cr\u00e9er un style personnalis\u00e9 et unique \u00e0 chaque occasion<\/p>\n<\/li>\n<li data-start=\"677\" data-end=\"737\">\n<p data-start=\"679\" data-end=\"737\">Offrir un <strong data-start=\"689\" data-end=\"720\">cadeau artisanal et \u00e9l\u00e9gant<\/strong> pour les f\u00eates<\/p>\n<\/li>\n<\/ul>\n<p data-start=\"739\" data-end=\"975\"><strong data-start=\"739\" data-end=\"757\">Points forts :<\/strong><br data-start=\"757\" data-end=\"760\" \/>\u2705 Cr\u00e9oles interchangeables modulables selon vos envies<br data-start=\"814\" data-end=\"817\" \/>\u2705 Vert translucide lumineux, parfait pour No\u00ebl et l\u2019hiver<br data-start=\"874\" data-end=\"877\" \/>\u2705 Bijou original, artisanal et unique<br data-start=\"914\" data-end=\"917\" \/>\u2705 Id\u00e9al comme cadeau de No\u00ebl ou accessoire mode tendance<\/p>\n","protected":false},"excerpt":{"rendered":"<p>Ajoutez une touche fra\u00eeche et lumineuse \u00e0 vos tenues hivernales avec nos cr\u00e9oles interchangeables vertes translucides. Leur couleur subtile et lumineuse apporte une note festive et \u00e9l\u00e9gante, id\u00e9ale pour les f\u00eates de No\u00ebl, ou pour un look unique et tendance au quotidien. Ces bijoux modulables et originaux sont parfaits pour : Accessoiriser vos tenues de [&hellip;]<\/p>\n","protected":false},"featured_media":473,"template":"","meta":{"_uag_custom_page_level_css":""},"product_brand":[],"product_cat":[29],"product_tag":[],"class_list":{"0":"post-469","1":"product","2":"type-product","3":"status-publish","4":"has-post-thumbnail","6":"product_cat-scrapbox","8":"first","9":"instock","10":"shipping-taxable","11":"purchasable","12":"product-type-variable"},"uagb_featured_image_src":{"full":["https:\/\/www.scrapnco.fr\/fr\/wp-content\/uploads\/2025\/11\/pampille_vert_translucide-scaled.jpg",1920,2560,false],"thumbnail":["https:\/\/www.scrapnco.fr\/fr\/wp-content\/uploads\/2025\/11\/pampille_vert_translucide-150x150.jpg",150,150,true],"medium":["https:\/\/www.scrapnco.fr\/fr\/wp-content\/uploads\/2025\/11\/pampille_vert_translucide-225x300.jpg",225,300,true],"medium_large":["https:\/\/www.scrapnco.fr\/fr\/wp-content\/uploads\/2025\/11\/pampille_vert_translucide-768x1024.jpg",768,1024,true],"large":["https:\/\/www.scrapnco.fr\/fr\/wp-content\/uploads\/2025\/11\/pampille_vert_translucide-768x1024.jpg",768,1024,true],"1536x1536":["https:\/\/www.scrapnco.fr\/fr\/wp-content\/uploads\/2025\/11\/pampille_vert_translucide-1152x1536.jpg",1152,1536,true],"2048x2048":["https:\/\/www.scrapnco.fr\/fr\/wp-content\/uploads\/2025\/11\/pampille_vert_translucide-1536x2048.jpg",1536,2048,true],"woocommerce_thumbnail":["https:\/\/www.scrapnco.fr\/fr\/wp-content\/uploads\/2025\/11\/pampille_vert_translucide-540x540.jpg",540,540,true],"woocommerce_single":["https:\/\/www.scrapnco.fr\/fr\/wp-content\/uploads\/2025\/11\/pampille_vert_translucide-600x800.jpg",600,800,true],"woocommerce_gallery_thumbnail":["https:\/\/www.scrapnco.fr\/fr\/wp-content\/uploads\/2025\/11\/pampille_vert_translucide-150x150.jpg",150,150,true]},"uagb_author_info":{"display_name":"Admin","author_link":"https:\/\/www.scrapnco.fr\/fr\/author\/"},"uagb_comment_info":0,"uagb_excerpt":"Ajoutez une touche fra\u00eeche et lumineuse \u00e0 vos tenues hivernales avec nos cr\u00e9oles interchangeables vertes translucides. Leur couleur subtile et lumineuse apporte une note festive et \u00e9l\u00e9gante, id\u00e9ale pour les f\u00eates de No\u00ebl, ou pour un look unique et tendance au quotidien. Ces bijoux modulables et originaux sont parfaits pour : Accessoiriser vos tenues de\u2026","jetpack_sharing_enabled":true,"_links":{"self":[{"href":"https:\/\/www.scrapnco.fr\/fr\/wp-json\/wp\/v2\/product\/469","targetHints":{"allow":["GET"]}}],"collection":[{"href":"https:\/\/www.scrapnco.fr\/fr\/wp-json\/wp\/v2\/product"}],"about":[{"href":"https:\/\/www.scrapnco.fr\/fr\/wp-json\/wp\/v2\/types\/product"}],"wp:featuredmedia":[{"embeddable":true,"href":"https:\/\/www.scrapnco.fr\/fr\/wp-json\/wp\/v2\/media\/473"}],"wp:attachment":[{"href":"https:\/\/www.scrapnco.fr\/fr\/wp-json\/wp\/v2\/media?parent=469"}],"wp:term":[{"taxonomy":"product_brand","embeddable":true,"href":"https:\/\/www.scrapnco.fr\/fr\/wp-json\/wp\/v2\/product_brand?post=469"},{"taxonomy":"product_cat","embeddable":true,"href":"https:\/\/www.scrapnco.fr\/fr\/wp-json\/wp\/v2\/product_cat?post=469"},{"taxonomy":"product_tag","embeddable":true,"href":"https:\/\/www.scrapnco.fr\/fr\/wp-json\/wp\/v2\/product_tag?post=469"}],"curies":[{"name":"wp","href":"https:\/\/api.w.org\/{rel}","templated":true}]}}