{"id":464,"date":"2025-11-19T19:41:59","date_gmt":"2025-11-19T18:41:59","guid":{"rendered":"https:\/\/www.scrapnco.fr\/fr\/?post_type=product&#038;p=464"},"modified":"2025-11-19T20:00:30","modified_gmt":"2025-11-19T19:00:30","slug":"creole-claudine-motif-plaid","status":"publish","type":"product","link":"https:\/\/www.scrapnco.fr\/fr\/produit\/creole-claudine-motif-plaid\/","title":{"rendered":"Cr\u00e9oles \u00ab\u00a0Claudine\u00a0\u00bb motif plaid"},"content":{"rendered":"<p data-start=\"212\" data-end=\"531\">Apportez une touche <strong data-start=\"232\" data-end=\"258\">chaleureuse et festive<\/strong> \u00e0 vos tenues d\u2019hiver avec nos <strong data-start=\"289\" data-end=\"329\">cr\u00e9oles interchangeables motif plaid<\/strong>. Inspir\u00e9es par les couleurs et textures de No\u00ebl, elles se combinent facilement pour cr\u00e9er des looks uniques et personnalis\u00e9s, parfaits pour les <strong data-start=\"474\" data-end=\"498\">f\u00eates de fin d\u2019ann\u00e9e<\/strong> ou un style cosy au quotidien.<\/p>\n<p data-start=\"533\" data-end=\"592\">Ces <strong data-start=\"537\" data-end=\"571\">bijoux originaux et modulables<\/strong> sont id\u00e9aux pour :<\/p>\n<ul data-start=\"593\" data-end=\"756\">\n<li data-start=\"593\" data-end=\"640\">\n<p data-start=\"595\" data-end=\"640\">Accessoiriser vos tenues de No\u00ebl ou d\u2019hiver<\/p>\n<\/li>\n<li data-start=\"641\" data-end=\"699\">\n<p data-start=\"643\" data-end=\"699\">Cr\u00e9er un look unique et personnalis\u00e9 \u00e0 chaque occasion<\/p>\n<\/li>\n<li data-start=\"700\" data-end=\"756\">\n<p data-start=\"702\" data-end=\"756\">Offrir un <strong data-start=\"712\" data-end=\"744\">cadeau artisanal et tendance<\/strong> pour No\u00ebl<\/p>\n<\/li>\n<\/ul>\n<p data-start=\"758\" data-end=\"984\"><strong data-start=\"758\" data-end=\"776\">Points forts :<\/strong><br data-start=\"776\" data-end=\"779\" \/>\u2705 Cr\u00e9oles interchangeables en acier inoxydable, pampille en r\u00e9sine, modulables selon vos envies<br data-start=\"834\" data-end=\"837\" \/>\u2705 Motif plaid festif, parfait pour No\u00ebl et l\u2019hiver<br data-start=\"887\" data-end=\"890\" \/>\u2705 Bijou original, artisanal et unique<br data-start=\"927\" data-end=\"930\" \/>\u2705 Id\u00e9al comme cadeau de No\u00ebl ou accessoire mode cosy<\/p>\n","protected":false},"excerpt":{"rendered":"<p>Apportez une touche chaleureuse et festive \u00e0 vos tenues d\u2019hiver avec nos cr\u00e9oles interchangeables motif plaid. Inspir\u00e9es par les couleurs et textures de No\u00ebl, elles se combinent facilement pour cr\u00e9er des looks uniques et personnalis\u00e9s, parfaits pour les f\u00eates de fin d\u2019ann\u00e9e ou un style cosy au quotidien. Ces bijoux originaux et modulables sont id\u00e9aux [&hellip;]<\/p>\n","protected":false},"featured_media":466,"template":"","meta":{"_uag_custom_page_level_css":""},"product_brand":[],"product_cat":[29],"product_tag":[],"class_list":{"0":"post-464","1":"product","2":"type-product","3":"status-publish","4":"has-post-thumbnail","6":"product_cat-scrapbox","8":"first","9":"instock","10":"featured","11":"shipping-taxable","12":"purchasable","13":"product-type-variable"},"uagb_featured_image_src":{"full":["https:\/\/www.scrapnco.fr\/fr\/wp-content\/uploads\/2025\/11\/pampille_plaid-scaled.jpg",1920,2560,false],"thumbnail":["https:\/\/www.scrapnco.fr\/fr\/wp-content\/uploads\/2025\/11\/pampille_plaid-150x150.jpg",150,150,true],"medium":["https:\/\/www.scrapnco.fr\/fr\/wp-content\/uploads\/2025\/11\/pampille_plaid-225x300.jpg",225,300,true],"medium_large":["https:\/\/www.scrapnco.fr\/fr\/wp-content\/uploads\/2025\/11\/pampille_plaid-768x1024.jpg",768,1024,true],"large":["https:\/\/www.scrapnco.fr\/fr\/wp-content\/uploads\/2025\/11\/pampille_plaid-768x1024.jpg",768,1024,true],"1536x1536":["https:\/\/www.scrapnco.fr\/fr\/wp-content\/uploads\/2025\/11\/pampille_plaid-1152x1536.jpg",1152,1536,true],"2048x2048":["https:\/\/www.scrapnco.fr\/fr\/wp-content\/uploads\/2025\/11\/pampille_plaid-1536x2048.jpg",1536,2048,true],"woocommerce_thumbnail":["https:\/\/www.scrapnco.fr\/fr\/wp-content\/uploads\/2025\/11\/pampille_plaid-540x540.jpg",540,540,true],"woocommerce_single":["https:\/\/www.scrapnco.fr\/fr\/wp-content\/uploads\/2025\/11\/pampille_plaid-600x800.jpg",600,800,true],"woocommerce_gallery_thumbnail":["https:\/\/www.scrapnco.fr\/fr\/wp-content\/uploads\/2025\/11\/pampille_plaid-150x150.jpg",150,150,true]},"uagb_author_info":{"display_name":"Admin","author_link":"https:\/\/www.scrapnco.fr\/fr\/author\/"},"uagb_comment_info":0,"uagb_excerpt":"Apportez une touche chaleureuse et festive \u00e0 vos tenues d\u2019hiver avec nos cr\u00e9oles interchangeables motif plaid. Inspir\u00e9es par les couleurs et textures de No\u00ebl, elles se combinent facilement pour cr\u00e9er des looks uniques et personnalis\u00e9s, parfaits pour les f\u00eates de fin d\u2019ann\u00e9e ou un style cosy au quotidien. Ces bijoux originaux et modulables sont id\u00e9aux\u2026","jetpack_sharing_enabled":true,"_links":{"self":[{"href":"https:\/\/www.scrapnco.fr\/fr\/wp-json\/wp\/v2\/product\/464","targetHints":{"allow":["GET"]}}],"collection":[{"href":"https:\/\/www.scrapnco.fr\/fr\/wp-json\/wp\/v2\/product"}],"about":[{"href":"https:\/\/www.scrapnco.fr\/fr\/wp-json\/wp\/v2\/types\/product"}],"wp:featuredmedia":[{"embeddable":true,"href":"https:\/\/www.scrapnco.fr\/fr\/wp-json\/wp\/v2\/media\/466"}],"wp:attachment":[{"href":"https:\/\/www.scrapnco.fr\/fr\/wp-json\/wp\/v2\/media?parent=464"}],"wp:term":[{"taxonomy":"product_brand","embeddable":true,"href":"https:\/\/www.scrapnco.fr\/fr\/wp-json\/wp\/v2\/product_brand?post=464"},{"taxonomy":"product_cat","embeddable":true,"href":"https:\/\/www.scrapnco.fr\/fr\/wp-json\/wp\/v2\/product_cat?post=464"},{"taxonomy":"product_tag","embeddable":true,"href":"https:\/\/www.scrapnco.fr\/fr\/wp-json\/wp\/v2\/product_tag?post=464"}],"curies":[{"name":"wp","href":"https:\/\/api.w.org\/{rel}","templated":true}]}}