{"id":462,"date":"2025-11-19T19:39:13","date_gmt":"2025-11-19T18:39:13","guid":{"rendered":"https:\/\/www.scrapnco.fr\/fr\/?post_type=product&#038;p=462"},"modified":"2025-11-19T19:41:18","modified_gmt":"2025-11-19T18:41:18","slug":"bougie-tasse","status":"publish","type":"product","link":"https:\/\/www.scrapnco.fr\/fr\/produit\/bougie-tasse\/","title":{"rendered":"Bougie Tasse"},"content":{"rendered":"<p data-start=\"242\" data-end=\"541\">R\u00e9chauffez vos f\u00eates avec nos <strong data-start=\"272\" data-end=\"307\">petites bougies dans des tasses<\/strong>, parfaites pour cr\u00e9er une <strong data-start=\"334\" data-end=\"359\">ambiance cosy de No\u00ebl<\/strong>. Disponibles aux parfums <strong data-start=\"385\" data-end=\"393\">Caf\u00e9<\/strong> ou <strong data-start=\"397\" data-end=\"411\">Cappuccino<\/strong>, elles diffusent une d\u00e9licieuse odeur gourmande qui rappelle les boissons chaudes de l\u2019hiver et les doux moments pr\u00e8s du sapin.<\/p>\n<p data-start=\"543\" data-end=\"600\">Ces <strong data-start=\"547\" data-end=\"578\">bougies d\u00e9coratives de No\u00ebl<\/strong> sont id\u00e9ales pour :<\/p>\n<ul data-start=\"601\" data-end=\"790\">\n<li data-start=\"601\" data-end=\"653\">\n<p data-start=\"603\" data-end=\"653\">Poser sur la table, une \u00e9tag\u00e8re ou pr\u00e8s du sapin<\/p>\n<\/li>\n<li data-start=\"654\" data-end=\"723\">\n<p data-start=\"656\" data-end=\"723\">Cr\u00e9er une <strong data-start=\"666\" data-end=\"703\">atmosph\u00e8re chaleureuse et festive<\/strong> dans votre maison<\/p>\n<\/li>\n<li data-start=\"724\" data-end=\"790\">\n<p data-start=\"726\" data-end=\"790\">Offrir un <strong data-start=\"736\" data-end=\"778\">cadeau original, gourmand et artisanal<\/strong> pour No\u00ebl<\/p>\n<\/li>\n<\/ul>\n<p data-start=\"792\" data-end=\"1015\"><strong data-start=\"792\" data-end=\"810\">Points forts :<\/strong><br data-start=\"810\" data-end=\"813\" \/>\u2705 Bougie No\u00ebl dans tasse, d\u00e9corative et originale<br data-start=\"862\" data-end=\"865\" \/>\u2705 Parfum Caf\u00e9 ou Cappuccino gourmand et r\u00e9confortant<br data-start=\"917\" data-end=\"920\" \/>\u2705 Id\u00e9ale pour d\u00e9coration de No\u00ebl et ambiance cocooning<br data-start=\"974\" data-end=\"977\" \/>\u2705 Cadeau de No\u00ebl unique et artisanal<\/p>\n","protected":false},"excerpt":{"rendered":"<p>R\u00e9chauffez vos f\u00eates avec nos petites bougies dans des tasses, parfaites pour cr\u00e9er une ambiance cosy de No\u00ebl. Disponibles aux parfums Caf\u00e9 ou Cappuccino, elles diffusent une d\u00e9licieuse odeur gourmande qui rappelle les boissons chaudes de l\u2019hiver et les doux moments pr\u00e8s du sapin. Ces bougies d\u00e9coratives de No\u00ebl sont id\u00e9ales pour : Poser sur [&hellip;]<\/p>\n","protected":false},"featured_media":463,"template":"","meta":{"_uag_custom_page_level_css":""},"product_brand":[],"product_cat":[29],"product_tag":[],"class_list":{"0":"post-462","1":"product","2":"type-product","3":"status-publish","4":"has-post-thumbnail","6":"product_cat-scrapbox","8":"first","9":"instock","10":"shipping-taxable","11":"purchasable","12":"product-type-simple"},"uagb_featured_image_src":{"full":["https:\/\/www.scrapnco.fr\/fr\/wp-content\/uploads\/2025\/11\/bougie_tasse-scaled.jpg",1920,2560,false],"thumbnail":["https:\/\/www.scrapnco.fr\/fr\/wp-content\/uploads\/2025\/11\/bougie_tasse-150x150.jpg",150,150,true],"medium":["https:\/\/www.scrapnco.fr\/fr\/wp-content\/uploads\/2025\/11\/bougie_tasse-225x300.jpg",225,300,true],"medium_large":["https:\/\/www.scrapnco.fr\/fr\/wp-content\/uploads\/2025\/11\/bougie_tasse-768x1024.jpg",768,1024,true],"large":["https:\/\/www.scrapnco.fr\/fr\/wp-content\/uploads\/2025\/11\/bougie_tasse-768x1024.jpg",768,1024,true],"1536x1536":["https:\/\/www.scrapnco.fr\/fr\/wp-content\/uploads\/2025\/11\/bougie_tasse-1152x1536.jpg",1152,1536,true],"2048x2048":["https:\/\/www.scrapnco.fr\/fr\/wp-content\/uploads\/2025\/11\/bougie_tasse-1536x2048.jpg",1536,2048,true],"woocommerce_thumbnail":["https:\/\/www.scrapnco.fr\/fr\/wp-content\/uploads\/2025\/11\/bougie_tasse-540x540.jpg",540,540,true],"woocommerce_single":["https:\/\/www.scrapnco.fr\/fr\/wp-content\/uploads\/2025\/11\/bougie_tasse-600x800.jpg",600,800,true],"woocommerce_gallery_thumbnail":["https:\/\/www.scrapnco.fr\/fr\/wp-content\/uploads\/2025\/11\/bougie_tasse-150x150.jpg",150,150,true]},"uagb_author_info":{"display_name":"Admin","author_link":"https:\/\/www.scrapnco.fr\/fr\/author\/"},"uagb_comment_info":0,"uagb_excerpt":"R\u00e9chauffez vos f\u00eates avec nos petites bougies dans des tasses, parfaites pour cr\u00e9er une ambiance cosy de No\u00ebl. Disponibles aux parfums Caf\u00e9 ou Cappuccino, elles diffusent une d\u00e9licieuse odeur gourmande qui rappelle les boissons chaudes de l\u2019hiver et les doux moments pr\u00e8s du sapin. Ces bougies d\u00e9coratives de No\u00ebl sont id\u00e9ales pour : Poser sur\u2026","jetpack_sharing_enabled":true,"_links":{"self":[{"href":"https:\/\/www.scrapnco.fr\/fr\/wp-json\/wp\/v2\/product\/462","targetHints":{"allow":["GET"]}}],"collection":[{"href":"https:\/\/www.scrapnco.fr\/fr\/wp-json\/wp\/v2\/product"}],"about":[{"href":"https:\/\/www.scrapnco.fr\/fr\/wp-json\/wp\/v2\/types\/product"}],"wp:featuredmedia":[{"embeddable":true,"href":"https:\/\/www.scrapnco.fr\/fr\/wp-json\/wp\/v2\/media\/463"}],"wp:attachment":[{"href":"https:\/\/www.scrapnco.fr\/fr\/wp-json\/wp\/v2\/media?parent=462"}],"wp:term":[{"taxonomy":"product_brand","embeddable":true,"href":"https:\/\/www.scrapnco.fr\/fr\/wp-json\/wp\/v2\/product_brand?post=462"},{"taxonomy":"product_cat","embeddable":true,"href":"https:\/\/www.scrapnco.fr\/fr\/wp-json\/wp\/v2\/product_cat?post=462"},{"taxonomy":"product_tag","embeddable":true,"href":"https:\/\/www.scrapnco.fr\/fr\/wp-json\/wp\/v2\/product_tag?post=462"}],"curies":[{"name":"wp","href":"https:\/\/api.w.org\/{rel}","templated":true}]}}