{"id":460,"date":"2025-11-19T19:35:35","date_gmt":"2025-11-19T18:35:35","guid":{"rendered":"https:\/\/www.scrapnco.fr\/fr\/?post_type=product&#038;p=460"},"modified":"2025-11-19T19:39:01","modified_gmt":"2025-11-19T18:39:01","slug":"bougie-boule-de-noel","status":"publish","type":"product","link":"https:\/\/www.scrapnco.fr\/fr\/produit\/bougie-boule-de-noel\/","title":{"rendered":"Bougie Boule de No\u00ebl"},"content":{"rendered":"<p data-start=\"429\" data-end=\"693\">Apportez <strong data-start=\"438\" data-end=\"458\">la magie de No\u00ebl<\/strong> dans votre maison avec cette <strong data-start=\"488\" data-end=\"543\">bougie boule festive parfum\u00e9e \u00e0 la Cerise Explosive<\/strong>. Son parfum gourmand et fruit\u00e9 emplit instantan\u00e9ment la pi\u00e8ce d\u2019une <strong data-start=\"612\" data-end=\"648\">ambiance chaleureuse et f\u00e9\u00e9rique<\/strong>, id\u00e9ale pour les <strong data-start=\"666\" data-end=\"690\">f\u00eates de fin d\u2019ann\u00e9e<\/strong>.<\/p>\n<p data-start=\"695\" data-end=\"752\">Cette <strong data-start=\"701\" data-end=\"730\">bougie d\u00e9corative de No\u00ebl<\/strong> est parfaite pour :<\/p>\n<ul data-start=\"753\" data-end=\"922\">\n<li data-start=\"753\" data-end=\"805\">\n<p data-start=\"755\" data-end=\"805\">Poser sur votre table ou dans un centre de table<\/p>\n<\/li>\n<li data-start=\"806\" data-end=\"867\">\n<p data-start=\"808\" data-end=\"867\">Cr\u00e9er une <strong data-start=\"818\" data-end=\"848\">ambiance cosy et lumineuse<\/strong> au pied du sapin<\/p>\n<\/li>\n<li data-start=\"868\" data-end=\"922\">\n<p data-start=\"870\" data-end=\"922\">Offrir un <strong data-start=\"880\" data-end=\"910\">cadeau original et parfum\u00e9<\/strong> pour No\u00ebl<\/p>\n<\/li>\n<\/ul>\n<p data-start=\"924\" data-end=\"1138\"><strong data-start=\"924\" data-end=\"942\">Points forts :<\/strong><br data-start=\"942\" data-end=\"945\" \/>\u2705 Bougie No\u00ebl en forme de boule d\u00e9corative<br data-start=\"987\" data-end=\"990\" \/>\u2705 Parfum Cerise Explosive gourmand et joyeux<br data-start=\"1034\" data-end=\"1037\" \/>\u2705 Id\u00e9ale pour la d\u00e9coration de No\u00ebl et le cocooning hivernal<br data-start=\"1097\" data-end=\"1100\" \/>\u2705 Cadeau de No\u00ebl artisanal et unique<\/p>\n","protected":false},"excerpt":{"rendered":"<p>Apportez la magie de No\u00ebl dans votre maison avec cette bougie boule festive parfum\u00e9e \u00e0 la Cerise Explosive. Son parfum gourmand et fruit\u00e9 emplit instantan\u00e9ment la pi\u00e8ce d\u2019une ambiance chaleureuse et f\u00e9\u00e9rique, id\u00e9ale pour les f\u00eates de fin d\u2019ann\u00e9e. Cette bougie d\u00e9corative de No\u00ebl est parfaite pour : Poser sur votre table ou dans un [&hellip;]<\/p>\n","protected":false},"featured_media":461,"template":"","meta":{"_uag_custom_page_level_css":""},"product_brand":[],"product_cat":[29],"product_tag":[],"class_list":{"0":"post-460","1":"product","2":"type-product","3":"status-publish","4":"has-post-thumbnail","6":"product_cat-scrapbox","8":"first","9":"instock","10":"shipping-taxable","11":"purchasable","12":"product-type-simple"},"uagb_featured_image_src":{"full":["https:\/\/www.scrapnco.fr\/fr\/wp-content\/uploads\/2025\/11\/bougie_boule_noel-scaled.jpg",1920,2560,false],"thumbnail":["https:\/\/www.scrapnco.fr\/fr\/wp-content\/uploads\/2025\/11\/bougie_boule_noel-150x150.jpg",150,150,true],"medium":["https:\/\/www.scrapnco.fr\/fr\/wp-content\/uploads\/2025\/11\/bougie_boule_noel-225x300.jpg",225,300,true],"medium_large":["https:\/\/www.scrapnco.fr\/fr\/wp-content\/uploads\/2025\/11\/bougie_boule_noel-768x1024.jpg",768,1024,true],"large":["https:\/\/www.scrapnco.fr\/fr\/wp-content\/uploads\/2025\/11\/bougie_boule_noel-768x1024.jpg",768,1024,true],"1536x1536":["https:\/\/www.scrapnco.fr\/fr\/wp-content\/uploads\/2025\/11\/bougie_boule_noel-1152x1536.jpg",1152,1536,true],"2048x2048":["https:\/\/www.scrapnco.fr\/fr\/wp-content\/uploads\/2025\/11\/bougie_boule_noel-1536x2048.jpg",1536,2048,true],"woocommerce_thumbnail":["https:\/\/www.scrapnco.fr\/fr\/wp-content\/uploads\/2025\/11\/bougie_boule_noel-540x540.jpg",540,540,true],"woocommerce_single":["https:\/\/www.scrapnco.fr\/fr\/wp-content\/uploads\/2025\/11\/bougie_boule_noel-600x800.jpg",600,800,true],"woocommerce_gallery_thumbnail":["https:\/\/www.scrapnco.fr\/fr\/wp-content\/uploads\/2025\/11\/bougie_boule_noel-150x150.jpg",150,150,true]},"uagb_author_info":{"display_name":"Admin","author_link":"https:\/\/www.scrapnco.fr\/fr\/author\/"},"uagb_comment_info":0,"uagb_excerpt":"Apportez la magie de No\u00ebl dans votre maison avec cette bougie boule festive parfum\u00e9e \u00e0 la Cerise Explosive. Son parfum gourmand et fruit\u00e9 emplit instantan\u00e9ment la pi\u00e8ce d\u2019une ambiance chaleureuse et f\u00e9\u00e9rique, id\u00e9ale pour les f\u00eates de fin d\u2019ann\u00e9e. Cette bougie d\u00e9corative de No\u00ebl est parfaite pour : Poser sur votre table ou dans un\u2026","jetpack_sharing_enabled":true,"_links":{"self":[{"href":"https:\/\/www.scrapnco.fr\/fr\/wp-json\/wp\/v2\/product\/460","targetHints":{"allow":["GET"]}}],"collection":[{"href":"https:\/\/www.scrapnco.fr\/fr\/wp-json\/wp\/v2\/product"}],"about":[{"href":"https:\/\/www.scrapnco.fr\/fr\/wp-json\/wp\/v2\/types\/product"}],"wp:featuredmedia":[{"embeddable":true,"href":"https:\/\/www.scrapnco.fr\/fr\/wp-json\/wp\/v2\/media\/461"}],"wp:attachment":[{"href":"https:\/\/www.scrapnco.fr\/fr\/wp-json\/wp\/v2\/media?parent=460"}],"wp:term":[{"taxonomy":"product_brand","embeddable":true,"href":"https:\/\/www.scrapnco.fr\/fr\/wp-json\/wp\/v2\/product_brand?post=460"},{"taxonomy":"product_cat","embeddable":true,"href":"https:\/\/www.scrapnco.fr\/fr\/wp-json\/wp\/v2\/product_cat?post=460"},{"taxonomy":"product_tag","embeddable":true,"href":"https:\/\/www.scrapnco.fr\/fr\/wp-json\/wp\/v2\/product_tag?post=460"}],"curies":[{"name":"wp","href":"https:\/\/api.w.org\/{rel}","templated":true}]}}