{"id":459,"date":"2025-11-19T19:34:02","date_gmt":"2025-11-19T18:34:02","guid":{"rendered":"https:\/\/www.scrapnco.fr\/fr\/?post_type=product&#038;p=459"},"modified":"2025-11-19T20:00:39","modified_gmt":"2025-11-19T19:00:39","slug":"bougie-deco-de-noel","status":"publish","type":"product","link":"https:\/\/www.scrapnco.fr\/fr\/produit\/bougie-deco-de-noel\/","title":{"rendered":"Bougie D\u00e9co de No\u00ebl"},"content":{"rendered":"<p data-start=\"149\" data-end=\"499\">Faites entrer la magie de No\u00ebl dans votre maison !<br data-start=\"199\" data-end=\"202\" \/>Cette bougie d\u00e9cor\u00e9e d\u2019une pomme de pin ou d&rsquo;un sapin apporte instantan\u00e9ment une ambiance chaleureuse et festive. \u00c0 l\u2019allumage, son parfum <strong data-start=\"363\" data-end=\"393\">vanille douce et gourmande<\/strong> emplit la pi\u00e8ce d\u2019une note cosy qui rappelle les biscuits sortis du four et les soir\u00e9es au coin du sapin.<\/p>\n<p data-start=\"501\" data-end=\"570\"><strong data-start=\"501\" data-end=\"570\">L\u2019accessoire parfait pour cr\u00e9er une atmosph\u00e8re de No\u00ebl f\u00e9\u00e9rique !<\/strong><\/p>\n<p data-start=\"572\" data-end=\"755\"><strong data-start=\"572\" data-end=\"609\">\u2714 Ambiance festive et chaleureuse<\/strong><br data-start=\"609\" data-end=\"612\" \/><strong data-start=\"612\" data-end=\"652\">\u2714 D\u00e9cor naturel esprit for\u00eat de No\u00ebl<\/strong><br data-start=\"652\" data-end=\"655\" \/><strong data-start=\"655\" data-end=\"700\">\u2714 Parfum vanill\u00e9 gourmand et r\u00e9confortant<\/strong><br data-start=\"700\" data-end=\"703\" \/><strong data-start=\"703\" data-end=\"755\">\u2714 Id\u00e9ale pour cadeaux, d\u00e9co ou cocooning d\u2019hiver<\/strong><\/p>\n","protected":false},"excerpt":{"rendered":"<p>Faites entrer la magie de No\u00ebl dans votre maison !Cette bougie d\u00e9cor\u00e9e d\u2019une pomme de pin ou d&rsquo;un sapin apporte instantan\u00e9ment une ambiance chaleureuse et festive. \u00c0 l\u2019allumage, son parfum vanille douce et gourmande emplit la pi\u00e8ce d\u2019une note cosy qui rappelle les biscuits sortis du four et les soir\u00e9es au coin du sapin. L\u2019accessoire [&hellip;]<\/p>\n","protected":false},"featured_media":456,"template":"","meta":{"_uag_custom_page_level_css":""},"product_brand":[],"product_cat":[29],"product_tag":[],"class_list":{"0":"post-459","1":"product","2":"type-product","3":"status-publish","4":"has-post-thumbnail","6":"product_cat-scrapbox","8":"first","9":"instock","10":"featured","11":"shipping-taxable","12":"purchasable","13":"product-type-simple"},"uagb_featured_image_src":{"full":["https:\/\/www.scrapnco.fr\/fr\/wp-content\/uploads\/2025\/11\/bougie_deco.jpg",0,0,false],"thumbnail":["https:\/\/www.scrapnco.fr\/fr\/wp-content\/uploads\/2025\/11\/bougie_deco.jpg",1,1,false],"medium":["https:\/\/www.scrapnco.fr\/fr\/wp-content\/uploads\/2025\/11\/bougie_deco.jpg",1,1,false],"medium_large":["https:\/\/www.scrapnco.fr\/fr\/wp-content\/uploads\/2025\/11\/bougie_deco.jpg",1,1,false],"large":["https:\/\/www.scrapnco.fr\/fr\/wp-content\/uploads\/2025\/11\/bougie_deco.jpg",1,1,false],"1536x1536":["https:\/\/www.scrapnco.fr\/fr\/wp-content\/uploads\/2025\/11\/bougie_deco.jpg",1,1,false],"2048x2048":["https:\/\/www.scrapnco.fr\/fr\/wp-content\/uploads\/2025\/11\/bougie_deco.jpg",1,1,false],"woocommerce_thumbnail":["https:\/\/www.scrapnco.fr\/fr\/wp-content\/uploads\/2025\/11\/bougie_deco.jpg",1,1,false],"woocommerce_single":["https:\/\/www.scrapnco.fr\/fr\/wp-content\/uploads\/2025\/11\/bougie_deco.jpg",1,1,false],"woocommerce_gallery_thumbnail":["https:\/\/www.scrapnco.fr\/fr\/wp-content\/uploads\/2025\/11\/bougie_deco.jpg",1,1,false]},"uagb_author_info":{"display_name":"Admin","author_link":"https:\/\/www.scrapnco.fr\/fr\/author\/"},"uagb_comment_info":0,"uagb_excerpt":"Faites entrer la magie de No\u00ebl dans votre maison !Cette bougie d\u00e9cor\u00e9e d\u2019une pomme de pin ou d&rsquo;un sapin apporte instantan\u00e9ment une ambiance chaleureuse et festive. \u00c0 l\u2019allumage, son parfum vanille douce et gourmande emplit la pi\u00e8ce d\u2019une note cosy qui rappelle les biscuits sortis du four et les soir\u00e9es au coin du sapin. L\u2019accessoire\u2026","jetpack_sharing_enabled":true,"_links":{"self":[{"href":"https:\/\/www.scrapnco.fr\/fr\/wp-json\/wp\/v2\/product\/459","targetHints":{"allow":["GET"]}}],"collection":[{"href":"https:\/\/www.scrapnco.fr\/fr\/wp-json\/wp\/v2\/product"}],"about":[{"href":"https:\/\/www.scrapnco.fr\/fr\/wp-json\/wp\/v2\/types\/product"}],"wp:featuredmedia":[{"embeddable":true,"href":"https:\/\/www.scrapnco.fr\/fr\/wp-json\/wp\/v2\/media\/456"}],"wp:attachment":[{"href":"https:\/\/www.scrapnco.fr\/fr\/wp-json\/wp\/v2\/media?parent=459"}],"wp:term":[{"taxonomy":"product_brand","embeddable":true,"href":"https:\/\/www.scrapnco.fr\/fr\/wp-json\/wp\/v2\/product_brand?post=459"},{"taxonomy":"product_cat","embeddable":true,"href":"https:\/\/www.scrapnco.fr\/fr\/wp-json\/wp\/v2\/product_cat?post=459"},{"taxonomy":"product_tag","embeddable":true,"href":"https:\/\/www.scrapnco.fr\/fr\/wp-json\/wp\/v2\/product_tag?post=459"}],"curies":[{"name":"wp","href":"https:\/\/api.w.org\/{rel}","templated":true}]}}