{"id":362,"date":"2025-10-05T15:45:40","date_gmt":"2025-10-05T13:45:40","guid":{"rendered":"https:\/\/www.scrapnco.fr\/fr\/?post_type=product&#038;p=362"},"modified":"2025-10-05T15:47:40","modified_gmt":"2025-10-05T13:47:40","slug":"porte-cles-initial","status":"publish","type":"product","link":"https:\/\/www.scrapnco.fr\/fr\/produit\/porte-cles-initial\/","title":{"rendered":"Porte cl\u00e9s initial"},"content":{"rendered":"<p>Nos porte-cl\u00e9s en r\u00e9sine sont faits main, brillants, color\u00e9s et surtout <strong data-start=\"215\" data-end=\"241\">100 % personnalisables<\/strong> avec ton initiale, ta couleur pr\u00e9f\u00e9r\u00e9e et m\u00eame une touche de paillettes \u2728.<br data-start=\"316\" data-end=\"319\" \/>Le petit accessoire qui rend ton trousseau unique (et trop styl\u00e9)<\/p>\n","protected":false},"excerpt":{"rendered":"<p>Nos porte-cl\u00e9s en r\u00e9sine sont faits main, brillants, color\u00e9s et surtout 100 % personnalisables avec ton initiale, ta couleur pr\u00e9f\u00e9r\u00e9e et m\u00eame une touche de paillettes \u2728.Le petit accessoire qui rend ton trousseau unique (et trop styl\u00e9)<\/p>\n","protected":false},"featured_media":363,"template":"","meta":{"_uag_custom_page_level_css":""},"product_brand":[],"product_cat":[30],"product_tag":[],"class_list":{"0":"post-362","1":"product","2":"type-product","3":"status-publish","4":"has-post-thumbnail","6":"product_cat-personnalisation","8":"first","9":"instock","10":"shipping-taxable","11":"purchasable","12":"product-type-simple"},"uagb_featured_image_src":{"full":["https:\/\/www.scrapnco.fr\/fr\/wp-content\/uploads\/2025\/10\/IMG20251005152814-scaled.jpg",1920,2560,false],"thumbnail":["https:\/\/www.scrapnco.fr\/fr\/wp-content\/uploads\/2025\/10\/IMG20251005152814-150x150.jpg",150,150,true],"medium":["https:\/\/www.scrapnco.fr\/fr\/wp-content\/uploads\/2025\/10\/IMG20251005152814-225x300.jpg",225,300,true],"medium_large":["https:\/\/www.scrapnco.fr\/fr\/wp-content\/uploads\/2025\/10\/IMG20251005152814-768x1024.jpg",768,1024,true],"large":["https:\/\/www.scrapnco.fr\/fr\/wp-content\/uploads\/2025\/10\/IMG20251005152814-768x1024.jpg",768,1024,true],"1536x1536":["https:\/\/www.scrapnco.fr\/fr\/wp-content\/uploads\/2025\/10\/IMG20251005152814-1152x1536.jpg",1152,1536,true],"2048x2048":["https:\/\/www.scrapnco.fr\/fr\/wp-content\/uploads\/2025\/10\/IMG20251005152814-1536x2048.jpg",1536,2048,true],"woocommerce_thumbnail":["https:\/\/www.scrapnco.fr\/fr\/wp-content\/uploads\/2025\/10\/IMG20251005152814-540x540.jpg",540,540,true],"woocommerce_single":["https:\/\/www.scrapnco.fr\/fr\/wp-content\/uploads\/2025\/10\/IMG20251005152814-600x800.jpg",600,800,true],"woocommerce_gallery_thumbnail":["https:\/\/www.scrapnco.fr\/fr\/wp-content\/uploads\/2025\/10\/IMG20251005152814-150x150.jpg",150,150,true]},"uagb_author_info":{"display_name":"Admin","author_link":"https:\/\/www.scrapnco.fr\/fr\/author\/"},"uagb_comment_info":0,"uagb_excerpt":"Nos porte-cl\u00e9s en r\u00e9sine sont faits main, brillants, color\u00e9s et surtout 100 % personnalisables avec ton initiale, ta couleur pr\u00e9f\u00e9r\u00e9e et m\u00eame une touche de paillettes \u2728.Le petit accessoire qui rend ton trousseau unique (et trop styl\u00e9)","jetpack_sharing_enabled":true,"_links":{"self":[{"href":"https:\/\/www.scrapnco.fr\/fr\/wp-json\/wp\/v2\/product\/362","targetHints":{"allow":["GET"]}}],"collection":[{"href":"https:\/\/www.scrapnco.fr\/fr\/wp-json\/wp\/v2\/product"}],"about":[{"href":"https:\/\/www.scrapnco.fr\/fr\/wp-json\/wp\/v2\/types\/product"}],"wp:featuredmedia":[{"embeddable":true,"href":"https:\/\/www.scrapnco.fr\/fr\/wp-json\/wp\/v2\/media\/363"}],"wp:attachment":[{"href":"https:\/\/www.scrapnco.fr\/fr\/wp-json\/wp\/v2\/media?parent=362"}],"wp:term":[{"taxonomy":"product_brand","embeddable":true,"href":"https:\/\/www.scrapnco.fr\/fr\/wp-json\/wp\/v2\/product_brand?post=362"},{"taxonomy":"product_cat","embeddable":true,"href":"https:\/\/www.scrapnco.fr\/fr\/wp-json\/wp\/v2\/product_cat?post=362"},{"taxonomy":"product_tag","embeddable":true,"href":"https:\/\/www.scrapnco.fr\/fr\/wp-json\/wp\/v2\/product_tag?post=362"}],"curies":[{"name":"wp","href":"https:\/\/api.w.org\/{rel}","templated":true}]}}