{"id":355,"date":"2025-10-03T16:57:54","date_gmt":"2025-10-03T14:57:54","guid":{"rendered":"https:\/\/www.scrapnco.fr\/fr\/?post_type=product&#038;p=355"},"modified":"2025-10-03T16:58:36","modified_gmt":"2025-10-03T14:58:36","slug":"peluche-personnalisee","status":"publish","type":"product","link":"https:\/\/www.scrapnco.fr\/fr\/produit\/peluche-personnalisee\/","title":{"rendered":"Peluche personnalis\u00e9e"},"content":{"rendered":"<p>Plus qu\u2019une peluche, un souvenir pr\u00e9cieux personnalis\u00e9 qui accompagnera b\u00e9b\u00e9 d\u00e8s ses premiers c\u00e2lins.<\/p>\n","protected":false},"excerpt":{"rendered":"<p>Plus qu\u2019une peluche, un souvenir pr\u00e9cieux personnalis\u00e9 qui accompagnera b\u00e9b\u00e9 d\u00e8s ses premiers c\u00e2lins.<\/p>\n","protected":false},"featured_media":356,"template":"","meta":{"_uag_custom_page_level_css":""},"product_brand":[],"product_cat":[30],"product_tag":[],"class_list":{"0":"post-355","1":"product","2":"type-product","3":"status-publish","4":"has-post-thumbnail","6":"product_cat-personnalisation","8":"first","9":"instock","10":"shipping-taxable","11":"purchasable","12":"product-type-simple"},"uagb_featured_image_src":{"full":["https:\/\/www.scrapnco.fr\/fr\/wp-content\/uploads\/2025\/10\/501317842_1301545998640811_2164130294914646134_n.jpg",921,1243,false],"thumbnail":["https:\/\/www.scrapnco.fr\/fr\/wp-content\/uploads\/2025\/10\/501317842_1301545998640811_2164130294914646134_n-150x150.jpg",150,150,true],"medium":["https:\/\/www.scrapnco.fr\/fr\/wp-content\/uploads\/2025\/10\/501317842_1301545998640811_2164130294914646134_n-222x300.jpg",222,300,true],"medium_large":["https:\/\/www.scrapnco.fr\/fr\/wp-content\/uploads\/2025\/10\/501317842_1301545998640811_2164130294914646134_n-768x1037.jpg",768,1037,true],"large":["https:\/\/www.scrapnco.fr\/fr\/wp-content\/uploads\/2025\/10\/501317842_1301545998640811_2164130294914646134_n-759x1024.jpg",759,1024,true],"1536x1536":["https:\/\/www.scrapnco.fr\/fr\/wp-content\/uploads\/2025\/10\/501317842_1301545998640811_2164130294914646134_n.jpg",921,1243,false],"2048x2048":["https:\/\/www.scrapnco.fr\/fr\/wp-content\/uploads\/2025\/10\/501317842_1301545998640811_2164130294914646134_n.jpg",921,1243,false],"woocommerce_thumbnail":["https:\/\/www.scrapnco.fr\/fr\/wp-content\/uploads\/2025\/10\/501317842_1301545998640811_2164130294914646134_n-540x540.jpg",540,540,true],"woocommerce_single":["https:\/\/www.scrapnco.fr\/fr\/wp-content\/uploads\/2025\/10\/501317842_1301545998640811_2164130294914646134_n-600x810.jpg",600,810,true],"woocommerce_gallery_thumbnail":["https:\/\/www.scrapnco.fr\/fr\/wp-content\/uploads\/2025\/10\/501317842_1301545998640811_2164130294914646134_n-150x150.jpg",150,150,true]},"uagb_author_info":{"display_name":"Admin","author_link":"https:\/\/www.scrapnco.fr\/fr\/author\/"},"uagb_comment_info":0,"uagb_excerpt":"Plus qu\u2019une peluche, un souvenir pr\u00e9cieux personnalis\u00e9 qui accompagnera b\u00e9b\u00e9 d\u00e8s ses premiers c\u00e2lins.","jetpack_sharing_enabled":true,"_links":{"self":[{"href":"https:\/\/www.scrapnco.fr\/fr\/wp-json\/wp\/v2\/product\/355","targetHints":{"allow":["GET"]}}],"collection":[{"href":"https:\/\/www.scrapnco.fr\/fr\/wp-json\/wp\/v2\/product"}],"about":[{"href":"https:\/\/www.scrapnco.fr\/fr\/wp-json\/wp\/v2\/types\/product"}],"wp:featuredmedia":[{"embeddable":true,"href":"https:\/\/www.scrapnco.fr\/fr\/wp-json\/wp\/v2\/media\/356"}],"wp:attachment":[{"href":"https:\/\/www.scrapnco.fr\/fr\/wp-json\/wp\/v2\/media?parent=355"}],"wp:term":[{"taxonomy":"product_brand","embeddable":true,"href":"https:\/\/www.scrapnco.fr\/fr\/wp-json\/wp\/v2\/product_brand?post=355"},{"taxonomy":"product_cat","embeddable":true,"href":"https:\/\/www.scrapnco.fr\/fr\/wp-json\/wp\/v2\/product_cat?post=355"},{"taxonomy":"product_tag","embeddable":true,"href":"https:\/\/www.scrapnco.fr\/fr\/wp-json\/wp\/v2\/product_tag?post=355"}],"curies":[{"name":"wp","href":"https:\/\/api.w.org\/{rel}","templated":true}]}}