{"id":351,"date":"2025-10-03T16:55:39","date_gmt":"2025-10-03T14:55:39","guid":{"rendered":"https:\/\/www.scrapnco.fr\/fr\/?post_type=product&#038;p=351"},"modified":"2025-11-28T14:18:23","modified_gmt":"2025-11-28T13:18:23","slug":"gourde-500ml","status":"publish","type":"product","link":"https:\/\/www.scrapnco.fr\/fr\/produit\/gourde-500ml\/","title":{"rendered":"Gourde 500ml"},"content":{"rendered":"<p>Ta gourde, ton style ! Emporte partout ta 500ml en m\u00e9tal personnalis\u00e9e avec ton pr\u00e9nom ou ton design pr\u00e9f\u00e9r\u00e9.<\/p>\n","protected":false},"excerpt":{"rendered":"<p>Ta gourde, ton style ! Emporte partout ta 500ml en m\u00e9tal personnalis\u00e9e avec ton pr\u00e9nom ou ton design pr\u00e9f\u00e9r\u00e9.<\/p>\n","protected":false},"featured_media":352,"template":"","meta":{"_uag_custom_page_level_css":""},"product_brand":[],"product_cat":[35,30],"product_tag":[],"class_list":{"0":"post-351","1":"product","2":"type-product","3":"status-publish","4":"has-post-thumbnail","6":"product_cat-mugs-gourdes","7":"product_cat-personnalisation","9":"first","10":"instock","11":"shipping-taxable","12":"purchasable","13":"product-type-simple"},"uagb_featured_image_src":{"full":["https:\/\/www.scrapnco.fr\/fr\/wp-content\/uploads\/2025\/10\/0fb1c0b7-9eb3-4edc-bd77-3c2491d1cb3a.jpg",921,2048,false],"thumbnail":["https:\/\/www.scrapnco.fr\/fr\/wp-content\/uploads\/2025\/10\/0fb1c0b7-9eb3-4edc-bd77-3c2491d1cb3a-150x150.jpg",150,150,true],"medium":["https:\/\/www.scrapnco.fr\/fr\/wp-content\/uploads\/2025\/10\/0fb1c0b7-9eb3-4edc-bd77-3c2491d1cb3a-135x300.jpg",135,300,true],"medium_large":["https:\/\/www.scrapnco.fr\/fr\/wp-content\/uploads\/2025\/10\/0fb1c0b7-9eb3-4edc-bd77-3c2491d1cb3a-768x1708.jpg",768,1708,true],"large":["https:\/\/www.scrapnco.fr\/fr\/wp-content\/uploads\/2025\/10\/0fb1c0b7-9eb3-4edc-bd77-3c2491d1cb3a-461x1024.jpg",461,1024,true],"1536x1536":["https:\/\/www.scrapnco.fr\/fr\/wp-content\/uploads\/2025\/10\/0fb1c0b7-9eb3-4edc-bd77-3c2491d1cb3a-691x1536.jpg",691,1536,true],"2048x2048":["https:\/\/www.scrapnco.fr\/fr\/wp-content\/uploads\/2025\/10\/0fb1c0b7-9eb3-4edc-bd77-3c2491d1cb3a.jpg",921,2048,false],"woocommerce_thumbnail":["https:\/\/www.scrapnco.fr\/fr\/wp-content\/uploads\/2025\/10\/0fb1c0b7-9eb3-4edc-bd77-3c2491d1cb3a-540x540.jpg",540,540,true],"woocommerce_single":["https:\/\/www.scrapnco.fr\/fr\/wp-content\/uploads\/2025\/10\/0fb1c0b7-9eb3-4edc-bd77-3c2491d1cb3a-600x1334.jpg",600,1334,true],"woocommerce_gallery_thumbnail":["https:\/\/www.scrapnco.fr\/fr\/wp-content\/uploads\/2025\/10\/0fb1c0b7-9eb3-4edc-bd77-3c2491d1cb3a-150x150.jpg",150,150,true]},"uagb_author_info":{"display_name":"Admin","author_link":"https:\/\/www.scrapnco.fr\/fr\/author\/"},"uagb_comment_info":0,"uagb_excerpt":"Ta gourde, ton style ! Emporte partout ta 500ml en m\u00e9tal personnalis\u00e9e avec ton pr\u00e9nom ou ton design pr\u00e9f\u00e9r\u00e9.","jetpack_sharing_enabled":true,"_links":{"self":[{"href":"https:\/\/www.scrapnco.fr\/fr\/wp-json\/wp\/v2\/product\/351","targetHints":{"allow":["GET"]}}],"collection":[{"href":"https:\/\/www.scrapnco.fr\/fr\/wp-json\/wp\/v2\/product"}],"about":[{"href":"https:\/\/www.scrapnco.fr\/fr\/wp-json\/wp\/v2\/types\/product"}],"wp:featuredmedia":[{"embeddable":true,"href":"https:\/\/www.scrapnco.fr\/fr\/wp-json\/wp\/v2\/media\/352"}],"wp:attachment":[{"href":"https:\/\/www.scrapnco.fr\/fr\/wp-json\/wp\/v2\/media?parent=351"}],"wp:term":[{"taxonomy":"product_brand","embeddable":true,"href":"https:\/\/www.scrapnco.fr\/fr\/wp-json\/wp\/v2\/product_brand?post=351"},{"taxonomy":"product_cat","embeddable":true,"href":"https:\/\/www.scrapnco.fr\/fr\/wp-json\/wp\/v2\/product_cat?post=351"},{"taxonomy":"product_tag","embeddable":true,"href":"https:\/\/www.scrapnco.fr\/fr\/wp-json\/wp\/v2\/product_tag?post=351"}],"curies":[{"name":"wp","href":"https:\/\/api.w.org\/{rel}","templated":true}]}}