{"id":345,"date":"2025-10-03T16:46:48","date_gmt":"2025-10-03T14:46:48","guid":{"rendered":"https:\/\/www.scrapnco.fr\/fr\/?post_type=product&#038;p=345"},"modified":"2025-11-28T14:17:35","modified_gmt":"2025-11-28T13:17:35","slug":"bague-de-lecture","status":"publish","type":"product","link":"https:\/\/www.scrapnco.fr\/fr\/produit\/bague-de-lecture\/","title":{"rendered":"Bague de lecture"},"content":{"rendered":"<p>Lisez confortablement avec style gr\u00e2ce \u00e0 notre bague de lecture en r\u00e9sine, personnalisable selon vos envies.<\/p>\n","protected":false},"excerpt":{"rendered":"<p>Lisez confortablement avec style gr\u00e2ce \u00e0 notre bague de lecture en r\u00e9sine, personnalisable selon vos envies.<\/p>\n","protected":false},"featured_media":361,"template":"","meta":{"_uag_custom_page_level_css":""},"product_brand":[],"product_cat":[37,30],"product_tag":[],"class_list":{"0":"post-345","1":"product","2":"type-product","3":"status-publish","4":"has-post-thumbnail","6":"product_cat-accessoires-lecture","7":"product_cat-personnalisation","9":"first","10":"instock","11":"shipping-taxable","12":"purchasable","13":"product-type-simple"},"uagb_featured_image_src":{"full":["https:\/\/www.scrapnco.fr\/fr\/wp-content\/uploads\/2025\/10\/IMG20251005153031-scaled.jpg",1920,2560,false],"thumbnail":["https:\/\/www.scrapnco.fr\/fr\/wp-content\/uploads\/2025\/10\/IMG20251005153031-150x150.jpg",150,150,true],"medium":["https:\/\/www.scrapnco.fr\/fr\/wp-content\/uploads\/2025\/10\/IMG20251005153031-225x300.jpg",225,300,true],"medium_large":["https:\/\/www.scrapnco.fr\/fr\/wp-content\/uploads\/2025\/10\/IMG20251005153031-768x1024.jpg",768,1024,true],"large":["https:\/\/www.scrapnco.fr\/fr\/wp-content\/uploads\/2025\/10\/IMG20251005153031-768x1024.jpg",768,1024,true],"1536x1536":["https:\/\/www.scrapnco.fr\/fr\/wp-content\/uploads\/2025\/10\/IMG20251005153031-1152x1536.jpg",1152,1536,true],"2048x2048":["https:\/\/www.scrapnco.fr\/fr\/wp-content\/uploads\/2025\/10\/IMG20251005153031-1536x2048.jpg",1536,2048,true],"woocommerce_thumbnail":["https:\/\/www.scrapnco.fr\/fr\/wp-content\/uploads\/2025\/10\/IMG20251005153031-540x540.jpg",540,540,true],"woocommerce_single":["https:\/\/www.scrapnco.fr\/fr\/wp-content\/uploads\/2025\/10\/IMG20251005153031-600x800.jpg",600,800,true],"woocommerce_gallery_thumbnail":["https:\/\/www.scrapnco.fr\/fr\/wp-content\/uploads\/2025\/10\/IMG20251005153031-150x150.jpg",150,150,true]},"uagb_author_info":{"display_name":"Admin","author_link":"https:\/\/www.scrapnco.fr\/fr\/author\/"},"uagb_comment_info":0,"uagb_excerpt":"Lisez confortablement avec style gr\u00e2ce \u00e0 notre bague de lecture en r\u00e9sine, personnalisable selon vos envies.","jetpack_sharing_enabled":true,"_links":{"self":[{"href":"https:\/\/www.scrapnco.fr\/fr\/wp-json\/wp\/v2\/product\/345","targetHints":{"allow":["GET"]}}],"collection":[{"href":"https:\/\/www.scrapnco.fr\/fr\/wp-json\/wp\/v2\/product"}],"about":[{"href":"https:\/\/www.scrapnco.fr\/fr\/wp-json\/wp\/v2\/types\/product"}],"wp:featuredmedia":[{"embeddable":true,"href":"https:\/\/www.scrapnco.fr\/fr\/wp-json\/wp\/v2\/media\/361"}],"wp:attachment":[{"href":"https:\/\/www.scrapnco.fr\/fr\/wp-json\/wp\/v2\/media?parent=345"}],"wp:term":[{"taxonomy":"product_brand","embeddable":true,"href":"https:\/\/www.scrapnco.fr\/fr\/wp-json\/wp\/v2\/product_brand?post=345"},{"taxonomy":"product_cat","embeddable":true,"href":"https:\/\/www.scrapnco.fr\/fr\/wp-json\/wp\/v2\/product_cat?post=345"},{"taxonomy":"product_tag","embeddable":true,"href":"https:\/\/www.scrapnco.fr\/fr\/wp-json\/wp\/v2\/product_tag?post=345"}],"curies":[{"name":"wp","href":"https:\/\/api.w.org\/{rel}","templated":true}]}}