{"id":340,"date":"2025-10-03T16:42:27","date_gmt":"2025-10-03T14:42:27","guid":{"rendered":"https:\/\/www.scrapnco.fr\/fr\/?post_type=product&#038;p=340"},"modified":"2025-11-28T15:44:38","modified_gmt":"2025-11-28T14:44:38","slug":"marque-pages-personnalise","status":"publish","type":"product","link":"https:\/\/www.scrapnco.fr\/fr\/produit\/marque-pages-personnalise\/","title":{"rendered":"Marque page personnalis\u00e9"},"content":{"rendered":"<p data-start=\"215\" data-end=\"434\"><strong data-start=\"218\" data-end=\"264\">Ajoutez une touche magique \u00e0 vos lectures.<\/strong><br data-start=\"264\" data-end=\"267\" \/>Nos marque-pages en r\u00e9sine sont enti\u00e8rement personnalisables : choisissez la <strong data-start=\"344\" data-end=\"355\">couleur<\/strong>, ajoutez des paillettes,\u00a0 ajoutez un <strong data-start=\"368\" data-end=\"378\">pr\u00e9nom<\/strong>, une <strong data-start=\"384\" data-end=\"394\">phrase<\/strong>, ou un petit mot qui vous tient \u00e0 c\u0153ur.<\/p>\n<p data-start=\"436\" data-end=\"649\">Chaque pi\u00e8ce est r\u00e9alis\u00e9e \u00e0 la main dans notre atelier, pour un r\u00e9sultat <strong data-start=\"509\" data-end=\"519\">unique<\/strong>, solide et parfaitement lisse.<br data-start=\"550\" data-end=\"553\" \/>Id\u00e9al comme cadeau personnalis\u00e9 ou pour se faire plaisir avec un accessoire original et \u00e9l\u00e9gant.<\/p>\n<p data-start=\"790\" data-end=\"885\"><strong><em>Un petit objet qui fait toute la diff\u00e9rence dans un livre\u2026 et un cadeau qui marque les esprits.<\/em><\/strong><\/p>\n","protected":false},"excerpt":{"rendered":"<p>Ajoutez une touche magique \u00e0 vos lectures.Nos marque-pages en r\u00e9sine sont enti\u00e8rement personnalisables : choisissez la couleur, ajoutez des paillettes,\u00a0 ajoutez un pr\u00e9nom, une phrase, ou un petit mot qui vous tient \u00e0 c\u0153ur. Chaque pi\u00e8ce est r\u00e9alis\u00e9e \u00e0 la main dans notre atelier, pour un r\u00e9sultat unique, solide et parfaitement lisse.Id\u00e9al comme cadeau personnalis\u00e9 [&hellip;]<\/p>\n","protected":false},"featured_media":360,"template":"","meta":{"_uag_custom_page_level_css":""},"product_brand":[],"product_cat":[37,30],"product_tag":[],"class_list":{"0":"post-340","1":"product","2":"type-product","3":"status-publish","4":"has-post-thumbnail","6":"product_cat-accessoires-lecture","7":"product_cat-personnalisation","9":"first","10":"instock","11":"shipping-taxable","12":"purchasable","13":"product-type-simple"},"uagb_featured_image_src":{"full":["https:\/\/www.scrapnco.fr\/fr\/wp-content\/uploads\/2025\/10\/IMG20251005152948-scaled.jpg",1920,2560,false],"thumbnail":["https:\/\/www.scrapnco.fr\/fr\/wp-content\/uploads\/2025\/10\/IMG20251005152948-150x150.jpg",150,150,true],"medium":["https:\/\/www.scrapnco.fr\/fr\/wp-content\/uploads\/2025\/10\/IMG20251005152948-225x300.jpg",225,300,true],"medium_large":["https:\/\/www.scrapnco.fr\/fr\/wp-content\/uploads\/2025\/10\/IMG20251005152948-768x1024.jpg",768,1024,true],"large":["https:\/\/www.scrapnco.fr\/fr\/wp-content\/uploads\/2025\/10\/IMG20251005152948-768x1024.jpg",768,1024,true],"1536x1536":["https:\/\/www.scrapnco.fr\/fr\/wp-content\/uploads\/2025\/10\/IMG20251005152948-1152x1536.jpg",1152,1536,true],"2048x2048":["https:\/\/www.scrapnco.fr\/fr\/wp-content\/uploads\/2025\/10\/IMG20251005152948-1536x2048.jpg",1536,2048,true],"woocommerce_thumbnail":["https:\/\/www.scrapnco.fr\/fr\/wp-content\/uploads\/2025\/10\/IMG20251005152948-540x540.jpg",540,540,true],"woocommerce_single":["https:\/\/www.scrapnco.fr\/fr\/wp-content\/uploads\/2025\/10\/IMG20251005152948-600x800.jpg",600,800,true],"woocommerce_gallery_thumbnail":["https:\/\/www.scrapnco.fr\/fr\/wp-content\/uploads\/2025\/10\/IMG20251005152948-150x150.jpg",150,150,true]},"uagb_author_info":{"display_name":"Admin","author_link":"https:\/\/www.scrapnco.fr\/fr\/author\/"},"uagb_comment_info":0,"uagb_excerpt":"Ajoutez une touche magique \u00e0 vos lectures.Nos marque-pages en r\u00e9sine sont enti\u00e8rement personnalisables : choisissez la couleur, ajoutez des paillettes,\u00a0 ajoutez un pr\u00e9nom, une phrase, ou un petit mot qui vous tient \u00e0 c\u0153ur. Chaque pi\u00e8ce est r\u00e9alis\u00e9e \u00e0 la main dans notre atelier, pour un r\u00e9sultat unique, solide et parfaitement lisse.Id\u00e9al comme cadeau personnalis\u00e9\u2026","jetpack_sharing_enabled":true,"_links":{"self":[{"href":"https:\/\/www.scrapnco.fr\/fr\/wp-json\/wp\/v2\/product\/340","targetHints":{"allow":["GET"]}}],"collection":[{"href":"https:\/\/www.scrapnco.fr\/fr\/wp-json\/wp\/v2\/product"}],"about":[{"href":"https:\/\/www.scrapnco.fr\/fr\/wp-json\/wp\/v2\/types\/product"}],"wp:featuredmedia":[{"embeddable":true,"href":"https:\/\/www.scrapnco.fr\/fr\/wp-json\/wp\/v2\/media\/360"}],"wp:attachment":[{"href":"https:\/\/www.scrapnco.fr\/fr\/wp-json\/wp\/v2\/media?parent=340"}],"wp:term":[{"taxonomy":"product_brand","embeddable":true,"href":"https:\/\/www.scrapnco.fr\/fr\/wp-json\/wp\/v2\/product_brand?post=340"},{"taxonomy":"product_cat","embeddable":true,"href":"https:\/\/www.scrapnco.fr\/fr\/wp-json\/wp\/v2\/product_cat?post=340"},{"taxonomy":"product_tag","embeddable":true,"href":"https:\/\/www.scrapnco.fr\/fr\/wp-json\/wp\/v2\/product_tag?post=340"}],"curies":[{"name":"wp","href":"https:\/\/api.w.org\/{rel}","templated":true}]}}