{"id":188,"date":"2025-09-20T15:21:02","date_gmt":"2025-09-20T13:21:02","guid":{"rendered":"https:\/\/www.scrapnco.fr\/fr\/?post_type=product&#038;p=188"},"modified":"2025-10-03T14:12:42","modified_gmt":"2025-10-03T12:12:42","slug":"mandarine","status":"publish","type":"product","link":"https:\/\/www.scrapnco.fr\/fr\/produit\/mandarine\/","title":{"rendered":"Mandarine"},"content":{"rendered":"<p><span style=\"color: #ff6600;\"><strong>Fragrance Mandarine\u00a0 (90% cire de soja &#8211; 10% de fragrance)<\/strong><\/span><\/p>\n<p><strong>Note(s<\/strong>) : Hesp\u00e9rid\u00e9e \/ Mandarine \/ Ald\u00e9hyd\u00e9e<br \/>\n<strong>T\u00eate<\/strong> : cassis \/ mandarine<br \/>\n<strong>Coeur<\/strong> : pamplemousse \/ fleur de thym<br \/>\n<strong>Fond<\/strong> : accord ald\u00e9hyd\u00e9 \/ oranger<\/p>\n<p><img loading=\"lazy\" decoding=\"async\" class=\"alignnone size-full wp-image-321\" src=\"https:\/\/www.scrapnco.fr\/fr\/wp-content\/uploads\/2025\/09\/chrome-capture-2025-10-03.png\" alt=\"\" width=\"601\" height=\"169\" srcset=\"https:\/\/www.scrapnco.fr\/fr\/wp-content\/uploads\/2025\/09\/chrome-capture-2025-10-03.png 601w, https:\/\/www.scrapnco.fr\/fr\/wp-content\/uploads\/2025\/09\/chrome-capture-2025-10-03-300x84.png 300w\" sizes=\"auto, (max-width: 601px) 100vw, 601px\" \/><\/p>\n","protected":false},"excerpt":{"rendered":"<p>Fragrance Mandarine\u00a0 (90% cire de soja &#8211; 10% de fragrance) Note(s) : Hesp\u00e9rid\u00e9e \/ Mandarine \/ Ald\u00e9hyd\u00e9e T\u00eate : cassis \/ mandarine Coeur : pamplemousse \/ fleur de thym Fond : accord ald\u00e9hyd\u00e9 \/ oranger<\/p>\n","protected":false},"featured_media":189,"template":"","meta":{"_uag_custom_page_level_css":""},"product_brand":[],"product_cat":[21],"product_tag":[],"class_list":{"0":"post-188","1":"product","2":"type-product","3":"status-publish","4":"has-post-thumbnail","6":"product_cat-fondants-parfumes","7":"product_shipping_class-colis_leger","9":"first","10":"instock","11":"shipping-taxable","12":"purchasable","13":"product-type-simple"},"uagb_featured_image_src":{"full":["https:\/\/www.scrapnco.fr\/fr\/wp-content\/uploads\/2025\/09\/mandarine.jpg",480,640,false],"thumbnail":["https:\/\/www.scrapnco.fr\/fr\/wp-content\/uploads\/2025\/09\/mandarine-150x150.jpg",150,150,true],"medium":["https:\/\/www.scrapnco.fr\/fr\/wp-content\/uploads\/2025\/09\/mandarine-225x300.jpg",225,300,true],"medium_large":["https:\/\/www.scrapnco.fr\/fr\/wp-content\/uploads\/2025\/09\/mandarine.jpg",480,640,false],"large":["https:\/\/www.scrapnco.fr\/fr\/wp-content\/uploads\/2025\/09\/mandarine.jpg",480,640,false],"1536x1536":["https:\/\/www.scrapnco.fr\/fr\/wp-content\/uploads\/2025\/09\/mandarine.jpg",480,640,false],"2048x2048":["https:\/\/www.scrapnco.fr\/fr\/wp-content\/uploads\/2025\/09\/mandarine.jpg",480,640,false],"woocommerce_thumbnail":["https:\/\/www.scrapnco.fr\/fr\/wp-content\/uploads\/2025\/09\/mandarine-480x540.jpg",480,540,true],"woocommerce_single":["https:\/\/www.scrapnco.fr\/fr\/wp-content\/uploads\/2025\/09\/mandarine.jpg",480,640,false],"woocommerce_gallery_thumbnail":["https:\/\/www.scrapnco.fr\/fr\/wp-content\/uploads\/2025\/09\/mandarine-150x150.jpg",150,150,true]},"uagb_author_info":{"display_name":"Admin","author_link":"https:\/\/www.scrapnco.fr\/fr\/author\/"},"uagb_comment_info":0,"uagb_excerpt":"Fragrance Mandarine\u00a0 (90% cire de soja &#8211; 10% de fragrance) Note(s) : Hesp\u00e9rid\u00e9e \/ Mandarine \/ Ald\u00e9hyd\u00e9e T\u00eate : cassis \/ mandarine Coeur : pamplemousse \/ fleur de thym Fond : accord ald\u00e9hyd\u00e9 \/ oranger","jetpack_sharing_enabled":true,"_links":{"self":[{"href":"https:\/\/www.scrapnco.fr\/fr\/wp-json\/wp\/v2\/product\/188","targetHints":{"allow":["GET"]}}],"collection":[{"href":"https:\/\/www.scrapnco.fr\/fr\/wp-json\/wp\/v2\/product"}],"about":[{"href":"https:\/\/www.scrapnco.fr\/fr\/wp-json\/wp\/v2\/types\/product"}],"wp:featuredmedia":[{"embeddable":true,"href":"https:\/\/www.scrapnco.fr\/fr\/wp-json\/wp\/v2\/media\/189"}],"wp:attachment":[{"href":"https:\/\/www.scrapnco.fr\/fr\/wp-json\/wp\/v2\/media?parent=188"}],"wp:term":[{"taxonomy":"product_brand","embeddable":true,"href":"https:\/\/www.scrapnco.fr\/fr\/wp-json\/wp\/v2\/product_brand?post=188"},{"taxonomy":"product_cat","embeddable":true,"href":"https:\/\/www.scrapnco.fr\/fr\/wp-json\/wp\/v2\/product_cat?post=188"},{"taxonomy":"product_tag","embeddable":true,"href":"https:\/\/www.scrapnco.fr\/fr\/wp-json\/wp\/v2\/product_tag?post=188"}],"curies":[{"name":"wp","href":"https:\/\/api.w.org\/{rel}","templated":true}]}}