{"id":167,"date":"2025-09-18T16:54:52","date_gmt":"2025-09-18T14:54:52","guid":{"rendered":"https:\/\/www.scrapnco.fr\/fr\/?post_type=product&#038;p=167"},"modified":"2025-10-03T14:06:41","modified_gmt":"2025-10-03T12:06:41","slug":"citronnelle-geranium","status":"publish","type":"product","link":"https:\/\/www.scrapnco.fr\/fr\/produit\/citronnelle-geranium\/","title":{"rendered":"Citronnelle \/ G\u00e9ranium"},"content":{"rendered":"<p><span style=\"color: #ff6600;\"><strong>Fragrance Citronnelle \/ G\u00e9ranium (90% cire de soja &#8211; 10% de fragrance)<\/strong><\/span><\/p>\n<p><strong>Note(s<\/strong>) : Citronnelle \/ Ros\u00e9e \/ Hesp\u00e9rid\u00e9e<br \/>\n<strong>T\u00eate<\/strong> : g\u00e9ranium \/ verveine<br \/>\n<strong>Coeur<\/strong> : citronnelle \/ menthe<br \/>\n<strong>Fond<\/strong> : feuille d&rsquo;eucalyptus \/ rose<\/p>\n<p><img loading=\"lazy\" decoding=\"async\" class=\"alignnone size-full wp-image-321\" src=\"https:\/\/www.scrapnco.fr\/fr\/wp-content\/uploads\/2025\/09\/chrome-capture-2025-10-03.png\" alt=\"\" width=\"601\" height=\"169\" srcset=\"https:\/\/www.scrapnco.fr\/fr\/wp-content\/uploads\/2025\/09\/chrome-capture-2025-10-03.png 601w, https:\/\/www.scrapnco.fr\/fr\/wp-content\/uploads\/2025\/09\/chrome-capture-2025-10-03-300x84.png 300w\" sizes=\"auto, (max-width: 601px) 100vw, 601px\" \/><\/p>\n","protected":false},"excerpt":{"rendered":"<p>Fragrance Citronnelle \/ G\u00e9ranium (90% cire de soja &#8211; 10% de fragrance) Note(s) : Citronnelle \/ Ros\u00e9e \/ Hesp\u00e9rid\u00e9e T\u00eate : g\u00e9ranium \/ verveine Coeur : citronnelle \/ menthe Fond : feuille d&rsquo;eucalyptus \/ rose<\/p>\n","protected":false},"featured_media":168,"template":"","meta":{"_uag_custom_page_level_css":""},"product_brand":[],"product_cat":[21],"product_tag":[],"class_list":{"0":"post-167","1":"product","2":"type-product","3":"status-publish","4":"has-post-thumbnail","6":"product_cat-fondants-parfumes","8":"first","9":"instock","10":"shipping-taxable","11":"purchasable","12":"product-type-simple"},"uagb_featured_image_src":{"full":["https:\/\/www.scrapnco.fr\/fr\/wp-content\/uploads\/2025\/09\/citronnelle-geranium.jpg",480,640,false],"thumbnail":["https:\/\/www.scrapnco.fr\/fr\/wp-content\/uploads\/2025\/09\/citronnelle-geranium-150x150.jpg",150,150,true],"medium":["https:\/\/www.scrapnco.fr\/fr\/wp-content\/uploads\/2025\/09\/citronnelle-geranium-225x300.jpg",225,300,true],"medium_large":["https:\/\/www.scrapnco.fr\/fr\/wp-content\/uploads\/2025\/09\/citronnelle-geranium.jpg",480,640,false],"large":["https:\/\/www.scrapnco.fr\/fr\/wp-content\/uploads\/2025\/09\/citronnelle-geranium.jpg",480,640,false],"1536x1536":["https:\/\/www.scrapnco.fr\/fr\/wp-content\/uploads\/2025\/09\/citronnelle-geranium.jpg",480,640,false],"2048x2048":["https:\/\/www.scrapnco.fr\/fr\/wp-content\/uploads\/2025\/09\/citronnelle-geranium.jpg",480,640,false],"woocommerce_thumbnail":["https:\/\/www.scrapnco.fr\/fr\/wp-content\/uploads\/2025\/09\/citronnelle-geranium-480x540.jpg",480,540,true],"woocommerce_single":["https:\/\/www.scrapnco.fr\/fr\/wp-content\/uploads\/2025\/09\/citronnelle-geranium.jpg",480,640,false],"woocommerce_gallery_thumbnail":["https:\/\/www.scrapnco.fr\/fr\/wp-content\/uploads\/2025\/09\/citronnelle-geranium-150x150.jpg",150,150,true]},"uagb_author_info":{"display_name":"Admin","author_link":"https:\/\/www.scrapnco.fr\/fr\/author\/"},"uagb_comment_info":0,"uagb_excerpt":"Fragrance Citronnelle \/ G\u00e9ranium (90% cire de soja &#8211; 10% de fragrance) Note(s) : Citronnelle \/ Ros\u00e9e \/ Hesp\u00e9rid\u00e9e T\u00eate : g\u00e9ranium \/ verveine Coeur : citronnelle \/ menthe Fond : feuille d&rsquo;eucalyptus \/ rose","jetpack_sharing_enabled":true,"_links":{"self":[{"href":"https:\/\/www.scrapnco.fr\/fr\/wp-json\/wp\/v2\/product\/167","targetHints":{"allow":["GET"]}}],"collection":[{"href":"https:\/\/www.scrapnco.fr\/fr\/wp-json\/wp\/v2\/product"}],"about":[{"href":"https:\/\/www.scrapnco.fr\/fr\/wp-json\/wp\/v2\/types\/product"}],"wp:featuredmedia":[{"embeddable":true,"href":"https:\/\/www.scrapnco.fr\/fr\/wp-json\/wp\/v2\/media\/168"}],"wp:attachment":[{"href":"https:\/\/www.scrapnco.fr\/fr\/wp-json\/wp\/v2\/media?parent=167"}],"wp:term":[{"taxonomy":"product_brand","embeddable":true,"href":"https:\/\/www.scrapnco.fr\/fr\/wp-json\/wp\/v2\/product_brand?post=167"},{"taxonomy":"product_cat","embeddable":true,"href":"https:\/\/www.scrapnco.fr\/fr\/wp-json\/wp\/v2\/product_cat?post=167"},{"taxonomy":"product_tag","embeddable":true,"href":"https:\/\/www.scrapnco.fr\/fr\/wp-json\/wp\/v2\/product_tag?post=167"}],"curies":[{"name":"wp","href":"https:\/\/api.w.org\/{rel}","templated":true}]}}