{"id":165,"date":"2025-09-18T16:52:22","date_gmt":"2025-09-18T14:52:22","guid":{"rendered":"https:\/\/www.scrapnco.fr\/fr\/?post_type=product&#038;p=165"},"modified":"2025-09-18T17:04:22","modified_gmt":"2025-09-18T15:04:22","slug":"citron-vert","status":"publish","type":"product","link":"https:\/\/www.scrapnco.fr\/fr\/produit\/citron-vert\/","title":{"rendered":"Citron Vert"},"content":{"rendered":"<p><span style=\"color: #ff6600;\"><strong>Fragrance Citron Vert (90% cire de soja &#8211; 10% de fragrance)<\/strong><\/span><\/p>\n<p><strong>Note(s<\/strong>) : Verte \/ Hesp\u00e9rid\u00e9e<br \/>\n<strong>T\u00eate<\/strong> : citron vert \/ pamplemousse<br \/>\n<strong>Coeur<\/strong> : verveine \/ peau de p\u00eache<br \/>\n<strong>Fond<\/strong> : fleur d&rsquo;oranger<\/p>\n<p><img loading=\"lazy\" decoding=\"async\" class=\"alignnone wp-image-153 size-full\" src=\"https:\/\/www.scrapnco.fr\/fr\/wp-content\/uploads\/2025\/09\/chrome-capture-2025-09-18-e1758203851831.png\" alt=\"\" width=\"605\" height=\"200\" srcset=\"https:\/\/www.scrapnco.fr\/fr\/wp-content\/uploads\/2025\/09\/chrome-capture-2025-09-18-e1758203851831.png 605w, https:\/\/www.scrapnco.fr\/fr\/wp-content\/uploads\/2025\/09\/chrome-capture-2025-09-18-e1758203851831-300x99.png 300w, https:\/\/www.scrapnco.fr\/fr\/wp-content\/uploads\/2025\/09\/chrome-capture-2025-09-18-e1758203851831-600x198.png 600w\" sizes=\"auto, (max-width: 605px) 100vw, 605px\" \/><\/p>\n","protected":false},"excerpt":{"rendered":"<p>Fragrance Citron Vert (90% cire de soja &#8211; 10% de fragrance) Note(s) : Verte \/ Hesp\u00e9rid\u00e9e T\u00eate : citron vert \/ pamplemousse Coeur : verveine \/ peau de p\u00eache Fond : fleur d&rsquo;oranger<\/p>\n","protected":false},"featured_media":166,"template":"","meta":{"_uag_custom_page_level_css":""},"product_brand":[],"product_cat":[21],"product_tag":[],"class_list":{"0":"post-165","1":"product","2":"type-product","3":"status-publish","4":"has-post-thumbnail","6":"product_cat-fondants-parfumes","8":"first","9":"instock","10":"shipping-taxable","11":"purchasable","12":"product-type-simple"},"uagb_featured_image_src":{"full":["https:\/\/www.scrapnco.fr\/fr\/wp-content\/uploads\/2025\/09\/citron-vert.jpg",480,640,false],"thumbnail":["https:\/\/www.scrapnco.fr\/fr\/wp-content\/uploads\/2025\/09\/citron-vert-150x150.jpg",150,150,true],"medium":["https:\/\/www.scrapnco.fr\/fr\/wp-content\/uploads\/2025\/09\/citron-vert-225x300.jpg",225,300,true],"medium_large":["https:\/\/www.scrapnco.fr\/fr\/wp-content\/uploads\/2025\/09\/citron-vert.jpg",480,640,false],"large":["https:\/\/www.scrapnco.fr\/fr\/wp-content\/uploads\/2025\/09\/citron-vert.jpg",480,640,false],"1536x1536":["https:\/\/www.scrapnco.fr\/fr\/wp-content\/uploads\/2025\/09\/citron-vert.jpg",480,640,false],"2048x2048":["https:\/\/www.scrapnco.fr\/fr\/wp-content\/uploads\/2025\/09\/citron-vert.jpg",480,640,false],"woocommerce_thumbnail":["https:\/\/www.scrapnco.fr\/fr\/wp-content\/uploads\/2025\/09\/citron-vert-480x540.jpg",480,540,true],"woocommerce_single":["https:\/\/www.scrapnco.fr\/fr\/wp-content\/uploads\/2025\/09\/citron-vert.jpg",480,640,false],"woocommerce_gallery_thumbnail":["https:\/\/www.scrapnco.fr\/fr\/wp-content\/uploads\/2025\/09\/citron-vert-150x150.jpg",150,150,true]},"uagb_author_info":{"display_name":"Admin","author_link":"https:\/\/www.scrapnco.fr\/fr\/author\/"},"uagb_comment_info":0,"uagb_excerpt":"Fragrance Citron Vert (90% cire de soja &#8211; 10% de fragrance) Note(s) : Verte \/ Hesp\u00e9rid\u00e9e T\u00eate : citron vert \/ pamplemousse Coeur : verveine \/ peau de p\u00eache Fond : fleur d&rsquo;oranger","jetpack_sharing_enabled":true,"_links":{"self":[{"href":"https:\/\/www.scrapnco.fr\/fr\/wp-json\/wp\/v2\/product\/165","targetHints":{"allow":["GET"]}}],"collection":[{"href":"https:\/\/www.scrapnco.fr\/fr\/wp-json\/wp\/v2\/product"}],"about":[{"href":"https:\/\/www.scrapnco.fr\/fr\/wp-json\/wp\/v2\/types\/product"}],"wp:featuredmedia":[{"embeddable":true,"href":"https:\/\/www.scrapnco.fr\/fr\/wp-json\/wp\/v2\/media\/166"}],"wp:attachment":[{"href":"https:\/\/www.scrapnco.fr\/fr\/wp-json\/wp\/v2\/media?parent=165"}],"wp:term":[{"taxonomy":"product_brand","embeddable":true,"href":"https:\/\/www.scrapnco.fr\/fr\/wp-json\/wp\/v2\/product_brand?post=165"},{"taxonomy":"product_cat","embeddable":true,"href":"https:\/\/www.scrapnco.fr\/fr\/wp-json\/wp\/v2\/product_cat?post=165"},{"taxonomy":"product_tag","embeddable":true,"href":"https:\/\/www.scrapnco.fr\/fr\/wp-json\/wp\/v2\/product_tag?post=165"}],"curies":[{"name":"wp","href":"https:\/\/api.w.org\/{rel}","templated":true}]}}