{"id":132,"date":"2025-09-05T16:59:40","date_gmt":"2025-09-05T14:59:40","guid":{"rendered":"https:\/\/www.scrapnco.fr\/fr\/?post_type=product&#038;p=132"},"modified":"2025-10-09T15:23:11","modified_gmt":"2025-10-09T13:23:11","slug":"132","status":"publish","type":"product","link":"https:\/\/www.scrapnco.fr\/fr\/produit\/132\/","title":{"rendered":"Bougie Gourmande Citron Vert"},"content":{"rendered":"<p><span style=\"color: #ff6600;\"><strong>Fragrance Citron vert (90% cire de soja &#8211; 10% de fragrance)<\/strong><\/span><\/p>\n<p><strong>Note(s<\/strong>) : Verte \/ Hesp\u00e9rid\u00e9e<br \/>\n<strong>T\u00eate<\/strong> : citron vert \/ pamplemousse<br \/>\n<strong>Coeur<\/strong> : verveine \/ peau de p\u00eache<br \/>\n<strong>Fond<\/strong> : fleur d&rsquo;oranger<\/p>\n<p><img loading=\"lazy\" decoding=\"async\" class=\"alignnone size-full wp-image-131\" src=\"https:\/\/www.scrapnco.fr\/fr\/wp-content\/uploads\/2025\/09\/chrome-capture-2025-09-05-2.png\" alt=\"\" width=\"585\" height=\"133\" srcset=\"https:\/\/www.scrapnco.fr\/fr\/wp-content\/uploads\/2025\/09\/chrome-capture-2025-09-05-2.png 585w, https:\/\/www.scrapnco.fr\/fr\/wp-content\/uploads\/2025\/09\/chrome-capture-2025-09-05-2-300x68.png 300w\" sizes=\"auto, (max-width: 585px) 100vw, 585px\" \/><\/p>\n<p>&nbsp;<\/p>\n","protected":false},"excerpt":{"rendered":"<p>Fragrance Citron vert (90% cire de soja &#8211; 10% de fragrance) Note(s) : Verte \/ Hesp\u00e9rid\u00e9e T\u00eate : citron vert \/ pamplemousse Coeur : verveine \/ peau de p\u00eache Fond : fleur d&rsquo;oranger &nbsp;<\/p>\n","protected":false},"featured_media":381,"template":"","meta":{"_uag_custom_page_level_css":""},"product_brand":[],"product_cat":[22],"product_tag":[],"class_list":{"0":"post-132","1":"product","2":"type-product","3":"status-publish","4":"has-post-thumbnail","6":"product_cat-bougies-gourmandes","8":"first","9":"instock","10":"shipping-taxable","11":"purchasable","12":"product-type-simple"},"uagb_featured_image_src":{"full":["https:\/\/www.scrapnco.fr\/fr\/wp-content\/uploads\/2025\/09\/citron-1.jpg",480,641,false],"thumbnail":["https:\/\/www.scrapnco.fr\/fr\/wp-content\/uploads\/2025\/09\/citron-1-150x150.jpg",150,150,true],"medium":["https:\/\/www.scrapnco.fr\/fr\/wp-content\/uploads\/2025\/09\/citron-1-225x300.jpg",225,300,true],"medium_large":["https:\/\/www.scrapnco.fr\/fr\/wp-content\/uploads\/2025\/09\/citron-1.jpg",480,641,false],"large":["https:\/\/www.scrapnco.fr\/fr\/wp-content\/uploads\/2025\/09\/citron-1.jpg",480,641,false],"1536x1536":["https:\/\/www.scrapnco.fr\/fr\/wp-content\/uploads\/2025\/09\/citron-1.jpg",480,641,false],"2048x2048":["https:\/\/www.scrapnco.fr\/fr\/wp-content\/uploads\/2025\/09\/citron-1.jpg",480,641,false],"woocommerce_thumbnail":["https:\/\/www.scrapnco.fr\/fr\/wp-content\/uploads\/2025\/09\/citron-1-480x540.jpg",480,540,true],"woocommerce_single":["https:\/\/www.scrapnco.fr\/fr\/wp-content\/uploads\/2025\/09\/citron-1.jpg",480,641,false],"woocommerce_gallery_thumbnail":["https:\/\/www.scrapnco.fr\/fr\/wp-content\/uploads\/2025\/09\/citron-1-150x150.jpg",150,150,true]},"uagb_author_info":{"display_name":"Admin","author_link":"https:\/\/www.scrapnco.fr\/fr\/author\/"},"uagb_comment_info":0,"uagb_excerpt":"Fragrance Citron vert (90% cire de soja &#8211; 10% de fragrance) Note(s) : Verte \/ Hesp\u00e9rid\u00e9e T\u00eate : citron vert \/ pamplemousse Coeur : verveine \/ peau de p\u00eache Fond : fleur d&rsquo;oranger &nbsp;","jetpack_sharing_enabled":true,"_links":{"self":[{"href":"https:\/\/www.scrapnco.fr\/fr\/wp-json\/wp\/v2\/product\/132","targetHints":{"allow":["GET"]}}],"collection":[{"href":"https:\/\/www.scrapnco.fr\/fr\/wp-json\/wp\/v2\/product"}],"about":[{"href":"https:\/\/www.scrapnco.fr\/fr\/wp-json\/wp\/v2\/types\/product"}],"wp:featuredmedia":[{"embeddable":true,"href":"https:\/\/www.scrapnco.fr\/fr\/wp-json\/wp\/v2\/media\/381"}],"wp:attachment":[{"href":"https:\/\/www.scrapnco.fr\/fr\/wp-json\/wp\/v2\/media?parent=132"}],"wp:term":[{"taxonomy":"product_brand","embeddable":true,"href":"https:\/\/www.scrapnco.fr\/fr\/wp-json\/wp\/v2\/product_brand?post=132"},{"taxonomy":"product_cat","embeddable":true,"href":"https:\/\/www.scrapnco.fr\/fr\/wp-json\/wp\/v2\/product_cat?post=132"},{"taxonomy":"product_tag","embeddable":true,"href":"https:\/\/www.scrapnco.fr\/fr\/wp-json\/wp\/v2\/product_tag?post=132"}],"curies":[{"name":"wp","href":"https:\/\/api.w.org\/{rel}","templated":true}]}}