{"id":118,"date":"2025-09-03T11:18:38","date_gmt":"2025-09-03T09:18:38","guid":{"rendered":"https:\/\/www.scrapnco.fr\/fr\/?post_type=product&#038;p=118"},"modified":"2025-09-05T16:26:00","modified_gmt":"2025-09-05T14:26:00","slug":"adoucissant","status":"publish","type":"product","link":"https:\/\/www.scrapnco.fr\/fr\/produit\/adoucissant\/","title":{"rendered":"Adoucissant"},"content":{"rendered":"<p><span style=\"color: #ff6600;\"><strong>Fragrance Adoucissant (90% cire de soja &#8211; 10% de fragrance)<\/strong><\/span><\/p>\n<p><strong>Note(s<\/strong>) : Verte \/ Florale \/ Bois\u00e9e<br \/>\n<strong>T\u00eate<\/strong> : accord fruit\u00e9 \/ jasmin \/ accord frais<br \/>\n<strong>Coeur<\/strong> : rose \/ p\u00eache \/ pomme<br \/>\n<strong>Fond<\/strong> : bois\u00e9 sec \/ musc \/ oranger<\/p>\n<p><img loading=\"lazy\" decoding=\"async\" class=\"alignnone size-full wp-image-131\" src=\"https:\/\/www.scrapnco.fr\/fr\/wp-content\/uploads\/2025\/09\/chrome-capture-2025-09-05-2.png\" alt=\"\" width=\"585\" height=\"133\" srcset=\"https:\/\/www.scrapnco.fr\/fr\/wp-content\/uploads\/2025\/09\/chrome-capture-2025-09-05-2.png 585w, https:\/\/www.scrapnco.fr\/fr\/wp-content\/uploads\/2025\/09\/chrome-capture-2025-09-05-2-300x68.png 300w\" sizes=\"auto, (max-width: 585px) 100vw, 585px\" \/><\/p>\n<p>&nbsp;<\/p>\n","protected":false},"excerpt":{"rendered":"<p>Fragrance Adoucissant (90% cire de soja &#8211; 10% de fragrance) Note(s) : Verte \/ Florale \/ Bois\u00e9e T\u00eate : accord fruit\u00e9 \/ jasmin \/ accord frais Coeur : rose \/ p\u00eache \/ pomme Fond : bois\u00e9 sec \/ musc \/ oranger &nbsp;<\/p>\n","protected":false},"featured_media":120,"template":"","meta":{"_uag_custom_page_level_css":""},"product_brand":[],"product_cat":[21],"product_tag":[],"class_list":{"0":"post-118","1":"product","2":"type-product","3":"status-publish","4":"has-post-thumbnail","6":"product_cat-fondants-parfumes","8":"first","9":"instock","10":"shipping-taxable","11":"purchasable","12":"product-type-simple"},"uagb_featured_image_src":{"full":["https:\/\/www.scrapnco.fr\/fr\/wp-content\/uploads\/2025\/09\/adoucissant.jpg",480,640,false],"thumbnail":["https:\/\/www.scrapnco.fr\/fr\/wp-content\/uploads\/2025\/09\/adoucissant-150x150.jpg",150,150,true],"medium":["https:\/\/www.scrapnco.fr\/fr\/wp-content\/uploads\/2025\/09\/adoucissant-225x300.jpg",225,300,true],"medium_large":["https:\/\/www.scrapnco.fr\/fr\/wp-content\/uploads\/2025\/09\/adoucissant.jpg",480,640,false],"large":["https:\/\/www.scrapnco.fr\/fr\/wp-content\/uploads\/2025\/09\/adoucissant.jpg",480,640,false],"1536x1536":["https:\/\/www.scrapnco.fr\/fr\/wp-content\/uploads\/2025\/09\/adoucissant.jpg",480,640,false],"2048x2048":["https:\/\/www.scrapnco.fr\/fr\/wp-content\/uploads\/2025\/09\/adoucissant.jpg",480,640,false],"woocommerce_thumbnail":["https:\/\/www.scrapnco.fr\/fr\/wp-content\/uploads\/2025\/09\/adoucissant-480x540.jpg",480,540,true],"woocommerce_single":["https:\/\/www.scrapnco.fr\/fr\/wp-content\/uploads\/2025\/09\/adoucissant.jpg",480,640,false],"woocommerce_gallery_thumbnail":["https:\/\/www.scrapnco.fr\/fr\/wp-content\/uploads\/2025\/09\/adoucissant-150x150.jpg",150,150,true]},"uagb_author_info":{"display_name":"Admin","author_link":"https:\/\/www.scrapnco.fr\/fr\/author\/"},"uagb_comment_info":0,"uagb_excerpt":"Fragrance Adoucissant (90% cire de soja &#8211; 10% de fragrance) Note(s) : Verte \/ Florale \/ Bois\u00e9e T\u00eate : accord fruit\u00e9 \/ jasmin \/ accord frais Coeur : rose \/ p\u00eache \/ pomme Fond : bois\u00e9 sec \/ musc \/ oranger &nbsp;","jetpack_sharing_enabled":true,"_links":{"self":[{"href":"https:\/\/www.scrapnco.fr\/fr\/wp-json\/wp\/v2\/product\/118","targetHints":{"allow":["GET"]}}],"collection":[{"href":"https:\/\/www.scrapnco.fr\/fr\/wp-json\/wp\/v2\/product"}],"about":[{"href":"https:\/\/www.scrapnco.fr\/fr\/wp-json\/wp\/v2\/types\/product"}],"wp:featuredmedia":[{"embeddable":true,"href":"https:\/\/www.scrapnco.fr\/fr\/wp-json\/wp\/v2\/media\/120"}],"wp:attachment":[{"href":"https:\/\/www.scrapnco.fr\/fr\/wp-json\/wp\/v2\/media?parent=118"}],"wp:term":[{"taxonomy":"product_brand","embeddable":true,"href":"https:\/\/www.scrapnco.fr\/fr\/wp-json\/wp\/v2\/product_brand?post=118"},{"taxonomy":"product_cat","embeddable":true,"href":"https:\/\/www.scrapnco.fr\/fr\/wp-json\/wp\/v2\/product_cat?post=118"},{"taxonomy":"product_tag","embeddable":true,"href":"https:\/\/www.scrapnco.fr\/fr\/wp-json\/wp\/v2\/product_tag?post=118"}],"curies":[{"name":"wp","href":"https:\/\/api.w.org\/{rel}","templated":true}]}}