{"id":309,"date":"2025-09-21T18:39:14","date_gmt":"2025-09-21T16:39:14","guid":{"rendered":"https:\/\/www.scrapnco.fr\/fr\/?page_id=309"},"modified":"2025-09-21T18:39:15","modified_gmt":"2025-09-21T16:39:15","slug":"mentions-legales","status":"publish","type":"page","link":"https:\/\/www.scrapnco.fr\/fr\/mentions-legales\/","title":{"rendered":"Mentions l\u00e9gales"},"content":{"rendered":"\n<p><strong>\u00c9diteur du site :<\/strong><br>Nom : <strong>Scrapn\u2019Co<\/strong><br>Forme juridique : <strong>SEP<\/strong><br>Adresse : <strong>5b boulevard St Germain, 35300 Foug\u00e8res, France<\/strong><br>Email : <strong><a>contact@scrapnco.fr<\/a><\/strong><br>Num\u00e9ro de SIRET : 978436590<br>Directeur de la publication : GONNET RACHEL<\/p>\n\n\n\n<hr class=\"wp-block-separator has-alpha-channel-opacity\"\/>\n\n\n\n<h2 class=\"wp-block-heading\">1. H\u00e9bergement<\/h2>\n\n\n\n<p>Le site est h\u00e9berg\u00e9 par :<br>OVH<br>Adresse : <strong>2, rue Kellermann, 59100 Roubaix<\/strong>.<\/p>\n\n\n\n<hr class=\"wp-block-separator has-alpha-channel-opacity\"\/>\n\n\n\n<h2 class=\"wp-block-heading\">2. Propri\u00e9t\u00e9 intellectuelle<\/h2>\n\n\n\n<p>L\u2019ensemble des contenus pr\u00e9sents sur ce site (textes, images, photos, logos, cr\u00e9ations) est <strong>la propri\u00e9t\u00e9 exclusive de Scrapn\u2019Co<\/strong> ou de ses partenaires. Toute reproduction, distribution, modification ou utilisation sans autorisation est strictement interdite.<\/p>\n\n\n\n<hr class=\"wp-block-separator has-alpha-channel-opacity\"\/>\n\n\n\n<h2 class=\"wp-block-heading\">3. Donn\u00e9es personnelles<\/h2>\n\n\n\n<p>Les informations collect\u00e9es sur ce site (nom, pr\u00e9nom, adresse, email) sont utilis\u00e9es uniquement pour le traitement des commandes, la gestion de la relation client et les communications concernant les produits et services propos\u00e9s.<\/p>\n\n\n\n<p>Conform\u00e9ment \u00e0 la loi Informatique et Libert\u00e9s, le client dispose d\u2019un droit d\u2019acc\u00e8s, de modification, de rectification et de suppression des donn\u00e9es le concernant.<\/p>\n\n\n\n<p>Pour exercer ce droit, contacter : <strong><a>contact@scrapnco.fr<\/a><\/strong><\/p>\n\n\n\n<hr class=\"wp-block-separator has-alpha-channel-opacity\"\/>\n\n\n\n<h2 class=\"wp-block-heading\">4. Cookies<\/h2>\n\n\n\n<p>Le site peut utiliser des cookies pour am\u00e9liorer l\u2019exp\u00e9rience utilisateur et r\u00e9aliser des statistiques de visites. L\u2019utilisateur peut configurer son navigateur pour refuser les cookies.<\/p>\n\n\n\n<hr class=\"wp-block-separator has-alpha-channel-opacity\"\/>\n\n\n\n<h2 class=\"wp-block-heading\">5. Responsabilit\u00e9<\/h2>\n\n\n\n<p>Scrapn\u2019Co s\u2019efforce d\u2019assurer l\u2019exactitude et la mise \u00e0 jour des informations pr\u00e9sentes sur le site, mais <strong>ne peut garantir l\u2019absence d\u2019erreurs<\/strong>. La responsabilit\u00e9 de Scrapn\u2019Co ne peut \u00eatre engag\u00e9e pour tout dommage direct ou indirect r\u00e9sultant de l\u2019acc\u00e8s ou de l\u2019utilisation du site.<\/p>\n\n\n\n<hr class=\"wp-block-separator has-alpha-channel-opacity\"\/>\n\n\n\n<h2 class=\"wp-block-heading\">6. Droit applicable<\/h2>\n\n\n\n<p>Les pr\u00e9sentes mentions l\u00e9gales sont r\u00e9gies par la <strong>loi fran\u00e7aise<\/strong>. Tout litige relatif \u00e0 l\u2019utilisation du site sera soumis \u00e0 la comp\u00e9tence exclusive des tribunaux fran\u00e7ais.<\/p>\n","protected":false},"excerpt":{"rendered":"<p>\u00c9diteur du site :Nom : Scrapn\u2019CoForme juridique : SEPAdresse : 5b boulevard St Germain, 35300 Foug\u00e8res, FranceEmail : contact@scrapnco.frNum\u00e9ro de SIRET : 978436590Directeur de la publication : GONNET RACHEL 1. H\u00e9bergement Le site est h\u00e9berg\u00e9 par :OVHAdresse : 2, rue Kellermann, 59100 Roubaix. 2. Propri\u00e9t\u00e9 intellectuelle L\u2019ensemble des contenus pr\u00e9sents sur ce site (textes, images, [&hellip;]<\/p>\n","protected":false},"author":1,"featured_media":0,"parent":0,"menu_order":0,"comment_status":"closed","ping_status":"closed","template":"","meta":{"_uag_custom_page_level_css":"","footnotes":""},"class_list":["post-309","page","type-page","status-publish","hentry"],"uagb_featured_image_src":{"full":false,"thumbnail":false,"medium":false,"medium_large":false,"large":false,"1536x1536":false,"2048x2048":false,"woocommerce_thumbnail":false,"woocommerce_single":false,"woocommerce_gallery_thumbnail":false},"uagb_author_info":{"display_name":"Admin","author_link":"https:\/\/www.scrapnco.fr\/fr\/author\/admin\/"},"uagb_comment_info":0,"uagb_excerpt":"\u00c9diteur du site :Nom : Scrapn\u2019CoForme juridique : SEPAdresse : 5b boulevard St Germain, 35300 Foug\u00e8res, FranceEmail : contact@scrapnco.frNum\u00e9ro de SIRET : 978436590Directeur de la publication : GONNET RACHEL 1. H\u00e9bergement Le site est h\u00e9berg\u00e9 par :OVHAdresse : 2, rue Kellermann, 59100 Roubaix. 2. Propri\u00e9t\u00e9 intellectuelle L\u2019ensemble des contenus pr\u00e9sents sur ce site (textes, images,\u2026","jetpack_sharing_enabled":true,"_links":{"self":[{"href":"https:\/\/www.scrapnco.fr\/fr\/wp-json\/wp\/v2\/pages\/309","targetHints":{"allow":["GET"]}}],"collection":[{"href":"https:\/\/www.scrapnco.fr\/fr\/wp-json\/wp\/v2\/pages"}],"about":[{"href":"https:\/\/www.scrapnco.fr\/fr\/wp-json\/wp\/v2\/types\/page"}],"author":[{"embeddable":true,"href":"https:\/\/www.scrapnco.fr\/fr\/wp-json\/wp\/v2\/users\/1"}],"replies":[{"embeddable":true,"href":"https:\/\/www.scrapnco.fr\/fr\/wp-json\/wp\/v2\/comments?post=309"}],"version-history":[{"count":1,"href":"https:\/\/www.scrapnco.fr\/fr\/wp-json\/wp\/v2\/pages\/309\/revisions"}],"predecessor-version":[{"id":310,"href":"https:\/\/www.scrapnco.fr\/fr\/wp-json\/wp\/v2\/pages\/309\/revisions\/310"}],"wp:attachment":[{"href":"https:\/\/www.scrapnco.fr\/fr\/wp-json\/wp\/v2\/media?parent=309"}],"curies":[{"name":"wp","href":"https:\/\/api.w.org\/{rel}","templated":true}]}}